{"id":635,"date":"2018-02-27T12:38:25","date_gmt":"2018-02-27T12:38:25","guid":{"rendered":"http:\/\/www.dishekimiguraypala.com\/?page_id=635"},"modified":"2018-02-27T12:38:25","modified_gmt":"2018-02-27T12:38:25","slug":"pedonti","status":"publish","type":"page","link":"https:\/\/dishekimiguraypala.com\/index.php\/pedonti\/","title":{"rendered":"Pedodonti"},"content":{"rendered":"<p>[vc_row full_width=&#8221;0&#8243; full_height=&#8221;0&#8243; row_padding=&#8221;no_padding&#8221; particles=&#8221;0&#8243;][vc_column][vc_text_separator title=&#8221;T\u00fcm Hizmetler&#8221;][\/vc_column][\/vc_row][vc_row full_width=&#8221;0&#8243; full_height=&#8221;0&#8243; row_padding=&#8221;no_top_padding&#8221; particles=&#8221;0&#8243;][vc_column width=&#8221;1\/3&#8243;]<!-- ========================== TEASER BOX ==========================-->\n<div class=\"teaser_box wpb_content_element text-center  skincolored_section    with_button    \">\n\n\n\n      <a href=\"http:\/\/www.dishekimiguraypala.com\/index.php\/bebeginiz-dis-cikarirken\/\" debug title=\"\" target=\"\"> \n\n        \n\n    <\/a>\n\n\n\n\n  <div class=\"content text-center boxed_special  with_button \">\n    \n    <div class=\"hgroup\">\n       <h4 class=\"neutralize_links\">\n       BEBEG\u0130N\u0130Z D\u0130\u015e \u00c7IKARIRKEN\n       <\/h4>\n      \n    <\/div>\n\n    \n\n    <div class=\"link centered\">\n        <a href=\"http:\/\/www.dishekimiguraypala.com\/index.php\/bebeginiz-dis-cikarirken\/\"  target=\"\" class=\"btn btn-xs btn-primary\"><strong>Daha fazlas\u0131<\/strong><\/a>\n    <\/div>\n\n  <\/div>\n\n<\/div>\n\n<!-- END======================= TEASER BOX ==========================-->[\/vc_column][vc_column width=&#8221;1\/3&#8243;]<!-- ========================== TEASER BOX ==========================-->\n<div class=\"teaser_box wpb_content_element text-center  skincolored_section    with_button    \">\n\n\n\n      <a href=\"http:\/\/www.dishekimiguraypala.com\/index.php\/sut-dislerinin-onemi\/\" debug title=\"\" target=\"\"> \n\n        \n\n    <\/a>\n\n\n\n\n  <div class=\"content text-center boxed_special  with_button \">\n    \n    <div class=\"hgroup\">\n       <h4 class=\"neutralize_links\">\n       S\u00dcT D\u0130\u015eLER\u0130N\u0130N \u00d6NEM\u0130\n       <\/h4>\n      \n    <\/div>\n\n    \n\n    <div class=\"link centered\">\n        <a href=\"http:\/\/www.dishekimiguraypala.com\/index.php\/sut-dislerinin-onemi\/\"  target=\"\" class=\"btn btn-xs btn-primary\"><strong>Daha fazlas\u0131<\/strong><\/a>\n    <\/div>\n\n  <\/div>\n\n<\/div>\n\n<!-- END======================= TEASER BOX ==========================-->[\/vc_column][vc_column width=&#8221;1\/3&#8243;]<!-- ========================== TEASER BOX ==========================-->\n<div class=\"teaser_box wpb_content_element text-center  skincolored_section    with_button    \">\n\n\n\n      <a href=\"http:\/\/www.dishekimiguraypala.com\/index.php\/koruyucu-tedavi\/\" debug title=\"\" target=\"\"> \n\n        \n\n    <\/a>\n\n\n\n\n  <div class=\"content text-center boxed_special  with_button \">\n    \n    <div class=\"hgroup\">\n       <h4 class=\"neutralize_links\">\n       KORUYUCU TEDAV\u0130\n       <\/h4>\n      \n    <\/div>\n\n    \n\n    <div class=\"link centered\">\n        <a href=\"http:\/\/www.dishekimiguraypala.com\/index.php\/koruyucu-tedavi\/\"  target=\"\" class=\"btn btn-xs btn-primary\"><strong>Daha fazlas\u0131<\/strong><\/a>\n    <\/div>\n\n  <\/div>\n\n<\/div>\n\n<!-- END======================= TEASER BOX ==========================-->[\/vc_column][\/vc_row][vc_row full_width=&#8221;0&#8243; full_height=&#8221;0&#8243; row_padding=&#8221;no_top_padding&#8221; particles=&#8221;0&#8243;][vc_column width=&#8221;1\/3&#8243;]<!-- ========================== TEASER BOX ==========================-->\n<div class=\"teaser_box wpb_content_element text-center  skincolored_section    with_button    \">\n\n\n\n      <a href=\"http:\/\/www.dishekimiguraypala.com\/index.php\/dis-travmalari\/\" debug title=\"\" target=\"\"> \n\n        \n\n    <\/a>\n\n\n\n\n  <div class=\"content text-center boxed_special  with_button \">\n    \n    <div class=\"hgroup\">\n       <h4 class=\"neutralize_links\">\n       D\u0130\u015e TRAVMALARI\n       <\/h4>\n      \n    <\/div>\n\n    \n\n    <div class=\"link centered\">\n        <a href=\"http:\/\/www.dishekimiguraypala.com\/index.php\/dis-travmalari\/\"  target=\"\" class=\"btn btn-xs btn-primary\"><strong>Daha fazlas\u0131<\/strong><\/a>\n    <\/div>\n\n  <\/div>\n\n<\/div>\n\n<!-- END======================= TEASER BOX ==========================-->[\/vc_column][vc_column width=&#8221;1\/3&#8243;][\/vc_column][vc_column width=&#8221;1\/3&#8243;][\/vc_column][\/vc_row]<\/p>\n","protected":false},"excerpt":{"rendered":"<p>[vc_row full_width=&#8221;0&#8243; full_height=&#8221;0&#8243; row_padding=&#8221;no_padding&#8221; particles=&#8221;0&#8243;][vc_column][vc_text_separator title=&#8221;T\u00fcm Hizmetler&#8221;][\/vc_column][\/vc_row][vc_row full_width=&#8221;0&#8243; full_height=&#8221;0&#8243; row_padding=&#8221;no_top_padding&#8221; particles=&#8221;0&#8243;][vc_column width=&#8221;1\/3&#8243;][\/vc_column][vc_column width=&#8221;1\/3&#8243;][\/vc_column][vc_column width=&#8221;1\/3&#8243;][\/vc_column][\/vc_row][vc_row full_width=&#8221;0&#8243; full_height=&#8221;0&#8243; row_padding=&#8221;no_top_padding&#8221; particles=&#8221;0&#8243;][vc_column width=&#8221;1\/3&#8243;][\/vc_column][vc_column width=&#8221;1\/3&#8243;][\/vc_column][vc_column width=&#8221;1\/3&#8243;][\/vc_column][\/vc_row]<\/p>\n","protected":false},"author":1,"featured_media":0,"parent":0,"menu_order":0,"comment_status":"closed","ping_status":"closed","template":"","meta":{"footnotes":""},"class_list":["post-635","page","type-page","status-publish","hentry"],"_links":{"self":[{"href":"https:\/\/dishekimiguraypala.com\/index.php\/wp-json\/wp\/v2\/pages\/635","targetHints":{"allow":["GET"]}}],"collection":[{"href":"https:\/\/dishekimiguraypala.com\/index.php\/wp-json\/wp\/v2\/pages"}],"about":[{"href":"https:\/\/dishekimiguraypala.com\/index.php\/wp-json\/wp\/v2\/types\/page"}],"author":[{"embeddable":true,"href":"https:\/\/dishekimiguraypala.com\/index.php\/wp-json\/wp\/v2\/users\/1"}],"replies":[{"embeddable":true,"href":"https:\/\/dishekimiguraypala.com\/index.php\/wp-json\/wp\/v2\/comments?post=635"}],"version-history":[{"count":0,"href":"https:\/\/dishekimiguraypala.com\/index.php\/wp-json\/wp\/v2\/pages\/635\/revisions"}],"wp:attachment":[{"href":"https:\/\/dishekimiguraypala.com\/index.php\/wp-json\/wp\/v2\/media?parent=635"}],"curies":[{"name":"wp","href":"https:\/\/api.w.org\/{rel}","templated":true}]}}