{"id":453,"date":"2017-10-02T15:14:20","date_gmt":"2017-10-02T15:14:20","guid":{"rendered":"http:\/\/www.dishekimiguraypala.com\/?page_id=453"},"modified":"2017-10-02T15:14:20","modified_gmt":"2017-10-02T15:14:20","slug":"kanal-tedavisi","status":"publish","type":"page","link":"https:\/\/dishekimiguraypala.com\/index.php\/kanal-tedavisi\/","title":{"rendered":"Kanal Tedavisi"},"content":{"rendered":"<p>[vc_row type=&#8221;container&#8221; padding_top=&#8221;&#8221; padding_bottom=&#8221;&#8221;][vc_column width=&#8221;2\/3&#8243;][vc_column_text]<\/p>\n<div align=\"justify\">\n<strong><span style=\"color: #ff950e;\">Kanal tedavisi nedir ?<\/span><\/strong><br \/>\nDi\u015flerde olu\u015fan \u00e7atlaklar ve k\u0131r\u0131klar, di\u015fte meydana gelen \u00e7\u00fcr\u00fckler, yanl\u0131\u015f tedavi s\u00fcre\u00e7leri, yanl\u0131\u015f restorasyonlar sonucu di\u015fte bulunan sinirler ve damarlar\u0131n canl\u0131l\u0131\u011f\u0131n\u0131 yitirmesi sonucu di\u015fin kanallar\u0131nda bulunan enfekte sinirlerin temizlenmesi, dezenfekte edilmesi ve kanal dolgu maddeleri ile doldurulmas\u0131na kanal tedavisi denir.<br \/>\n<strong><span style=\"color: #ff950e;\">Kanal tedavisi ne zaman gereklidir ?<\/span><\/strong><br \/>\nDi\u015fin sinirine kadar ilerlemi\u015f \u00e7\u00fcr\u00fcklerde,<br \/>\nTravma sonucu di\u015fin sinirini de i\u00e7ine alan k\u0131r\u0131klar\u0131n meydana geldi\u011fi durumlarda,<br \/>\nOrtodontik tedavi sonucu di\u015fe gelen a\u015f\u0131r\u0131 kuvvet sonucu di\u015fin canl\u0131l\u0131\u011f\u0131n\u0131 kaybetti\u011fi durumlarda,<br \/>\n\u0130lerlemi\u015f di\u015f eti hastal\u0131klar\u0131nda,<br \/>\nDi\u015flerde ileri derecede a\u015f\u0131nma sonucu olu\u015fan hassasiyetin giderilmesinde,<br \/>\nY\u00fcksek yap\u0131lm\u0131\u015f dolgu veya protezler de gerekir.<br \/>\n<strong><span style=\"color: #ff950e;\">Bir di\u015fe kanal tedavi gerekti\u011fini nas\u0131l anlars\u0131n\u0131z ?<\/span><\/strong><br \/>\nDi\u015finizde s\u0131cak so\u011fuk hassasiyeti,<br \/>\n\u00d6zellikle geceleri hi\u00e7bir uyaran olmadan a\u011fr\u0131,<br \/>\nYemek yeme s\u0131ras\u0131nda a\u011fr\u0131 oluyorsa<br \/>\nSinirlerin \u00f6lmesi sonucu di\u015finizde renk de\u011fi\u015fimi,<br \/>\nApse olu\u015fumu sonucu y\u00fcz\u00fcn\u00fczde \u015fi\u015flik,<br \/>\nBaz\u0131 durumlarda hi\u00e7bir belirti olmaks\u0131z\u0131n yap\u0131lan dental ve radyolojik muayenelerde tedavi gerekti\u011fi anla\u015f\u0131l\u0131r<br \/>\n<strong><span style=\"color: #ff950e;\">Kanal tedavisinin a\u015famalar\u0131 nedir ?<\/span><\/strong><br \/>\n\u0130lk \u00f6nce yap\u0131lan anestezi ile hi\u00e7bir a\u011fr\u0131 hissetmemeniz sa\u011flan\u0131r.<br \/>\n\u00c7\u00fcr\u00fck temizlenir ya da k\u0131r\u0131k par\u00e7a \u00e7\u0131kart\u0131l\u0131r ve di\u015fin sinirlerine ula\u015f\u0131l\u0131r.<br \/>\nDi\u015fin k\u00f6k\u00fcndeki sinir ve dokular temizlenir.<br \/>\nK\u00f6k ucuna kadar k\u00f6k kanal\u0131 \u015fekillendirilir.<br \/>\nDi\u015fin durumuna g\u00f6re tek seans tedavi yap\u0131labilece\u011fi gibi birka\u00e7 seans s\u00fcren tedavilerde olabilir.<br \/>\nKlini\u011fimizde kanal tedavisi \u00e7o\u011funlukla tek seansta yap\u0131lmaktad\u0131r. Baz\u0131 durumlarda birden \u00e7ok seansta yap\u0131ld\u0131g\u0131 da olmaktad\u0131r.<br \/>\nSeans aralar\u0131nda k\u00f6k i\u00e7ini ve k\u00f6k ucunu iyile\u015ftirecek ila\u00e7larla pansuman yap\u0131l\u0131r.<br \/>\nKanal tedavisi bitim a\u015famas\u0131nda kanal i\u00e7erisi \u00f6zel dolgu maddeleriyle k\u00f6k ucuna kadar doldurulur.<br \/>\n<strong><span style=\"color: #ff950e;\">Kanal tedavisi boyunca nelere dikkat edilmelidir?<\/span><\/strong><br \/>\nAnestezinin etkisi ge\u00e7ene kadar bir\u015fey yenmemeli ve i\u00e7ilmemelidir.<br \/>\nTedavi boyunca tedavisi yap\u0131lan di\u015fin oldu\u011fu b\u00f6lgede kuruyemi\u015f ve benzeri sert yiyeceklerden ve sak\u0131z gibi yap\u0131\u015fkan g\u0131dalardan uzak durulmal\u0131d\u0131r. En \u00e7ok di\u015f k\u0131r\u0131klar\u0131 seanslar aras\u0131nda g\u00f6r\u00fclmektedir.<br \/>\nTedavi seanslar\u0131 aras\u0131nda ge\u00e7ici dolgunun d\u00fc\u015fmemesine dikkat edilmelidir.<br \/>\n<strong><span style=\"color: #ff950e;\">Kanal tedavisi a\u011fr\u0131l\u0131 bir i\u015flem midir ?<\/span><\/strong><br \/>\nK\u00f6k kanal tedavisi s\u0131ras\u0131nda anestezi yap\u0131laca\u011f\u0131 i\u00e7in hasta herhangi bir a\u011fr\u0131 hissetmez.<br \/>\n<strong><span style=\"color: #ff950e;\">Kanal tedavisi sonras\u0131 a\u011fr\u0131 olur mu ?<\/span><\/strong><br \/>\nTedavi sonras\u0131nda di\u015fte \u00f6zellikle \u00e7i\u011fneme s\u0131ras\u0131nda hafif bir a\u011fr\u0131 ve hassasiyet olabilir. Tedavi sonras\u0131 birka\u00e7 g\u00fcn hafif bir antienflematuar ila\u00e7 kullanmakta sak\u0131nca yoktur.<br \/>\n<strong><span style=\"color: #ff950e;\">Di\u015fte olu\u015fan iltihap sonucu di\u015fin \u00e7ekilmesi gerekir mi ?<\/span><\/strong><br \/>\nG\u00fcn\u00fcm\u00fczde kanal tedavisinde kullan\u0131lan maddeler ve teknikler sayesinde k\u00f6k ucundaki apselerin b\u00fcy\u00fck \u00e7o\u011funlu\u011fu tedavi edilebilmektedir ve b\u00f6ylece di\u015fin \u00e7ekilmesine gerek kalmamaktad\u0131r.<br \/>\n<strong><span style=\"color: #ff950e;\">Di\u015f enfeksiyonlar\u0131nda antibiyotik kullan\u0131m\u0131 gerekli midir ?<\/span><\/strong><br \/>\nNormal \u015fartlarda kanal tedavisi s\u0131ras\u0131nda antibiyotik kullan\u0131m\u0131na gerek yoktur. Ancak ileri enfeksiyon varl\u0131\u011f\u0131nda ya da di\u015fte a\u015f\u0131r\u0131 hassasiyet durumunda antibiyotik verilebilir.<br \/>\n<strong><span style=\"color: #ff950e;\">Kanal dolgusu ve dolgu ayr\u0131 i\u015flemler midir ?<\/span><\/strong><br \/>\nKanal dolgusu, k\u00f6k kanal\u0131n\u0131n temizlenip doldurulmas\u0131 i\u015flemidir. Dolgu i\u015flemi ise di\u015fin a\u011f\u0131z i\u00e7inde g\u00f6r\u00fcnen kron k\u0131sm\u0131n\u0131n harabiyet miktar\u0131na g\u00f6re kompozit dolgu, inley, onley ya da kron ile restore edilmesidir.<br \/>\n<strong><span style=\"color: #ff950e;\">Kanal tedavisi g\u00f6ren di\u015fler daha k\u0131r\u0131lgan m\u0131d\u0131r ?<\/span><\/strong><br \/>\nKanal tedavisi sonucu di\u015f canl\u0131l\u0131\u011f\u0131n\u0131 kaybetti\u011fi i\u00e7in daha k\u0131r\u0131lgan bir hale gelir. Kanal tedavisi g\u00f6ren di\u015flerde \u00e7ok fazla madde kayb\u0131 oldu\u011fu ve daha k\u0131r\u0131lgan hale geldikleri i\u00e7in tedavi sonras\u0131 kaplama di\u015fler tercih edilmelidir.<br \/>\n<strong><span style=\"color: #ff950e;\">Kanal tedavisi tekrar\u0131 nedir ?<\/span><\/strong><br \/>\nSteril ko\u015fullarda ve do\u011fru yap\u0131lm\u0131\u015f kanal tedavilerinin ba\u015far\u0131 oran\u0131 %90 \u2013 95 aras\u0131ndad\u0131r. Tedavi s\u0131ras\u0131nda temizlenmeyen sinir dokusu kald\u0131ysa, k\u00f6k kanal dolgusunun ve \u00fcst dolgusunun\u00a0 yeterli yap\u0131lmad\u0131\u011f\u0131 durumlarda kanal i\u00e7erisine mikroorganizmalar\u0131n s\u0131zmas\u0131yla, tedavi s\u0131ras\u0131nda perforasyon ya da k\u0131r\u0131klar\u0131n olu\u015fmas\u0131yla k\u00f6k kanal tedavisinin ba\u015far\u0131s\u0131zl\u0131\u011f\u0131ndan bahsedilir. Ba\u015far\u0131s\u0131z bir kanal tedavisini yemek s\u0131ras\u0131nda di\u015flerde a\u011fr\u0131, sponton a\u011fr\u0131, k\u00f6k ucunda \u015fi\u015flik ve k\u0131zar\u0131kl\u0131k belirtilerinden anlayabiliriz. Ba\u015far\u0131s\u0131z kanal tedavisi yenilenerek, tedavi tekrarlan\u0131r. Bu i\u015flem yetersiz kal\u0131yorsa apikal rezeksiyon i\u015flemi uygulanarak, k\u00f6k ucuna cerrahi olarak ula\u015f\u0131l\u0131r, enfeksiyon temizlenir ve kapat\u0131l\u0131r. Kanal tedavisi tekrarlanmas\u0131 ve cerrahi m\u00fcdahele yetersiz kal\u0131rsa di\u015fin \u00e7ekimi d\u00fc\u015f\u00fcn\u00fclmelidir.<br \/>\n<strong><span style=\"color: #ff950e;\">Kanal Tedavisi ve Teknoloji<\/span><\/strong><br \/>\nApex locator: kanal boyunun tespit edilmesinde en g\u00fcvenilir ve do\u011fru sonu\u00e7 veren cihazd\u0131r. Tedavinin ba\u015far\u0131s\u0131n\u0131 do\u011frudan etkiler.<br \/>\nRotary-reciprokal sistemler: kanallar\u0131n h\u0131zl\u0131 ve konforlu bi\u00e7imde 3 boyutlu olarak geni\u015fletilmesini sa\u011flar.<br \/>\nSonic y\u0131kama: titre\u015fim hareketleri ile kanal i\u00e7inde maksimum dezenfeksiyonu sa\u011flar.\n<\/div>\n<p>[\/vc_column_text][\/vc_column][vc_column width=&#8221;1\/3&#8243;][vc_single_image image=&#8221;608&#8243; img_size=&#8221;full&#8221;][\/vc_column][\/vc_row]<\/p>\n","protected":false},"excerpt":{"rendered":"<p>[vc_row type=&#8221;container&#8221; padding_top=&#8221;&#8221; padding_bottom=&#8221;&#8221;][vc_column width=&#8221;2\/3&#8243;][vc_column_text] Kanal tedavisi nedir ? Di\u015flerde olu\u015fan \u00e7atlaklar ve k\u0131r\u0131klar, di\u015fte meydana gelen \u00e7\u00fcr\u00fckler, yanl\u0131\u015f tedavi s\u00fcre\u00e7leri, yanl\u0131\u015f restorasyonlar sonucu di\u015fte bulunan sinirler ve damarlar\u0131n canl\u0131l\u0131\u011f\u0131n\u0131 yitirmesi sonucu di\u015fin kanallar\u0131nda bulunan enfekte sinirlerin temizlenmesi, dezenfekte edilmesi ve kanal dolgu maddeleri ile doldurulmas\u0131na kanal tedavisi denir. Kanal tedavisi ne zaman gereklidir ? [&hellip;]<\/p>\n","protected":false},"author":1,"featured_media":0,"parent":0,"menu_order":0,"comment_status":"closed","ping_status":"closed","template":"","meta":{"footnotes":""},"class_list":["post-453","page","type-page","status-publish","hentry"],"_links":{"self":[{"href":"https:\/\/dishekimiguraypala.com\/index.php\/wp-json\/wp\/v2\/pages\/453","targetHints":{"allow":["GET"]}}],"collection":[{"href":"https:\/\/dishekimiguraypala.com\/index.php\/wp-json\/wp\/v2\/pages"}],"about":[{"href":"https:\/\/dishekimiguraypala.com\/index.php\/wp-json\/wp\/v2\/types\/page"}],"author":[{"embeddable":true,"href":"https:\/\/dishekimiguraypala.com\/index.php\/wp-json\/wp\/v2\/users\/1"}],"replies":[{"embeddable":true,"href":"https:\/\/dishekimiguraypala.com\/index.php\/wp-json\/wp\/v2\/comments?post=453"}],"version-history":[{"count":0,"href":"https:\/\/dishekimiguraypala.com\/index.php\/wp-json\/wp\/v2\/pages\/453\/revisions"}],"wp:attachment":[{"href":"https:\/\/dishekimiguraypala.com\/index.php\/wp-json\/wp\/v2\/media?parent=453"}],"curies":[{"name":"wp","href":"https:\/\/api.w.org\/{rel}","templated":true}]}}