{"id":443,"date":"2017-10-02T15:10:21","date_gmt":"2017-10-02T15:10:21","guid":{"rendered":"http:\/\/www.dishekimiguraypala.com\/?page_id=443"},"modified":"2017-10-02T15:10:21","modified_gmt":"2017-10-02T15:10:21","slug":"full-porselen","status":"publish","type":"page","link":"https:\/\/dishekimiguraypala.com\/index.php\/full-porselen\/","title":{"rendered":"Full Porselen"},"content":{"rendered":"<p>[vc_row type=&#8221;container&#8221; padding_top=&#8221;&#8221; padding_bottom=&#8221;&#8221;][vc_column width=&#8221;2\/3&#8243;][vc_column_text]<\/p>\n<div align=\"justify\">\n<strong><span style=\"color: #004586;\">Empress (Full Porselen)<\/span><\/strong><br \/>\n<strong><span style=\"color: #ff950e;\">Empress (full porselen di\u015f) nedir?<br \/>\n<\/span><\/strong><br \/>\nMetal alt yap\u0131 kullan\u0131lmadan, bas\u0131n\u00e7 alt\u0131nda s\u0131k\u0131\u015ft\u0131r\u0131lm\u0131\u015f kristal yap\u0131l\u0131 seramik \u00e7ekirdek \u00fczerine cam seramik pi\u015firilerek elde edilen, dayan\u0131kl\u0131l\u0131\u011f\u0131 artt\u0131r\u0131lm\u0131\u015f porselendir. Tamam\u0131 seramikten olu\u015fur. Full porselen di\u015fler de denilebilir.<br \/>\n<strong><span style=\"color: #ff950e;\">Empress di\u015f kaplamalar\u0131 neden ve nas\u0131l daha do\u011fal g\u00f6r\u00fcn\u00fcr?<\/span><\/strong><br \/>\nMetal alt yap\u0131 bulunmamas\u0131 ve full seramik i\u00e7erikli olmas\u0131 do\u011fal di\u015flerin \u015feffafl\u0131\u011f\u0131n\u0131, \u0131\u015f\u0131\u011f\u0131 yans\u0131tma ve ge\u00e7irme \u00f6zelliklerini taklit eder. Yap\u0131\u015ft\u0131r\u0131c\u0131lar\u0131n da empress ve di\u015f dokusuna uyumu, malzemelerin bukalemun etkisi istenen ideal rengi ve \u015feffafl\u0131\u011f\u0131 sa\u011flar. Do\u011fal di\u015flerinizin t\u00fcm karakteristik \u00f6zellikleri empress di\u015f kaplamalar\u0131na aktar\u0131labilir. B\u00f6ylelikle do\u011fal di\u015f esteti\u011fi yakalanm\u0131\u015f olur.<br \/>\n<strong><span style=\"color: #ff950e;\">Empress\u2019 i hangi di\u015flere yapt\u0131rabilirim?<\/span><\/strong><br \/>\nEsteti\u011fin \u00f6nem kazand\u0131\u011f\u0131 \u00f6n b\u00f6lge kesici, k\u00fc\u00e7\u00fck az\u0131 di\u015fleri ve bu b\u00f6lgedeki tek di\u015f eksikliklerinde empress di\u015f kaplamalar\u0131 yap\u0131l\u0131r.<br \/>\n<strong><span style=\"color: #ff950e;\">Empress hangi di\u015flere yap\u0131lmaz?<\/span><\/strong><br \/>\n\u00c7i\u011fneme kuvvetlerinin ve yan kuvvetlerin artt\u0131\u011f\u0131 arka b\u00f6lge di\u015fleri olan b\u00fcy\u00fck az\u0131larda, yan yana birden fazla di\u015f eksikli\u011finin bulundu\u011fu \u00f6n ve arka b\u00f6lge restorasyonlarda empress di\u015f kaplamalar\u0131 tercih edilmez. Bu durumlarda estetik ve daha y\u00fcksek dirence sahip zirkonyum di\u015f kaplamalar\u0131 ilk tercihtir.<br \/>\n<strong><span style=\"color: #ff950e;\">Hangi durumlarda empress yap\u0131l\u0131r?<br \/>\n<\/span><\/strong>Antibiyotik, fluor kullan\u0131m\u0131na ve ya\u015fa ba\u011fl\u0131 renklenmelerde,<br \/>\nBeyazlatma ile sonu\u00e7 al\u0131namayan kanal tedavili di\u015flerde,<br \/>\nDo\u011fumsal doku, \u015fekil bozuklu\u011fu bulunan di\u015flerde,<br \/>\nPozisyon bozuklu\u011fu bulunan di\u015flerde,<br \/>\nAral\u0131k di\u015f dizilimlerinde,<br \/>\nZamanla fiziksel ve kimyasal olarak a\u015f\u0131nm\u0131\u015f di\u015flerde,<br \/>\n\u00c7oklu restorasyon gereklili\u011fi ve g\u00fcl\u00fc\u015f tasar\u0131m\u0131nda empress yap\u0131labilir.<br \/>\n<strong><span style=\"color: #ff950e;\">Empress porselen di\u015flerin uygulama a\u015famalar\u0131 nelerdir?<\/span><\/strong><br \/>\n\u00d6ncelikle hastan\u0131n y\u00fcz ve a\u011f\u0131z i\u00e7i foto\u011fraflar\u0131 ar\u015fivlenir. Di\u015flerin \u00f6l\u00e7\u00fcs\u00fc al\u0131n\u0131r ve hastaya uygun g\u00fcl\u00fc\u015f tasar\u0131m\u0131 elde edilir. \u201cMock up\u201d olarak adland\u0131r\u0131lan y\u00f6ntemle tedavi sonras\u0131 g\u00f6r\u00fcn\u00fcm demo edilir. B\u00f6ylelikle hastan\u0131n beklentileri de g\u00f6z \u00f6n\u00fcnde bulundurularak g\u00fcl\u00fc\u015f tasar\u0131m\u0131 ideal formuna kavu\u015fur.<br \/>\nOnaylanan g\u00fcl\u00fc\u015f tasar\u0131m\u0131 uygulamak \u00fczere di\u015fler lokal anestezi alt\u0131nda ~2mm a\u015f\u0131nd\u0131r\u0131l\u0131r ve son \u00f6l\u00e7\u00fc al\u0131n\u0131p hastadan elde edilen veriler laboratuvar g\u00f6nderilir, ayn\u0131 seansta \u201cmock up\u201dtan faydalanarak hastaya kendi di\u015f renginde ge\u00e7ici restorasyonlar haz\u0131rlan\u0131p ge\u00e7ici olarak yap\u0131\u015ft\u0131r\u0131l\u0131r; b\u00f6ylelikle hassasiyet riski elimine edilir ve hasta sosyal hayat\u0131na devam eder.<br \/>\nLaboratuvar gelen empressler\u2019in uyumu kontrol edilir, hastan\u0131n onay\u0131 al\u0131nd\u0131\u011f\u0131nda kal\u0131c\u0131 olarak yap\u0131\u015ft\u0131r\u0131l\u0131r.<br \/>\n<strong><span style=\"color: #ff950e;\">Empressler yap\u0131l\u0131rken di\u015fsiz mi dola\u015faca\u011f\u0131m?<\/span><\/strong><br \/>\nHekiminizin haz\u0131rlayaca\u011f\u0131 ge\u00e7ici di\u015flerle hi\u00e7 bir a\u015famada di\u015fsiz kalmayacaks\u0131n\u0131z. Di\u015f eksikli\u011finiz olsa dahi, empresslerinizi beklerken bu ge\u00e7ici di\u015fler sayesinde di\u015f eksikli\u011finizden kurtulacaks\u0131n\u0131z.<br \/>\n<strong><span style=\"color: #ff950e;\">Seanslar uzun s\u00fcrer mi?<\/span><\/strong><br \/>\n~45 dakikal\u0131k seanslar yeterli olacakt\u0131r.<br \/>\nYap\u0131\u015ft\u0131r\u0131ld\u0131ktan sonra hemen yiyip i\u00e7ebilir miyim?<br \/>\nEmpress di\u015fleriniz kal\u0131c\u0131 olarak yap\u0131\u015ft\u0131r\u0131ld\u0131ktan sonra rahatl\u0131kla yiyip i\u00e7ebilirsiniz.<br \/>\n<strong><span style=\"color: #ff950e;\">So\u011fuk s\u0131cak hassasiyeti yapar m\u0131?<\/span><\/strong><br \/>\nEmpress\u2019in \u0131s\u0131 fark\u0131yla genle\u015fme katsay\u0131s\u0131 di\u015fin kine yak\u0131nd\u0131r. Empress\u2019in di\u015fle uyumunun iyi olmas\u0131 ve kullan\u0131lan yap\u0131\u015ft\u0131r\u0131c\u0131n\u0131n a\u011f\u0131z ortam\u0131nda \u00e7\u00f6z\u00fcnmemesi a\u00e7\u0131kta di\u015f dokusu kalmamas\u0131n\u0131 sa\u011flar; b\u00f6ylelikle so\u011fuk s\u0131cak hassasiyeti geli\u015fmez.<br \/>\n<strong><span style=\"color: #ff950e;\">Bak\u0131m\u0131n\u0131 nas\u0131l yapmal\u0131y\u0131m?<\/span><\/strong><br \/>\nG\u00fcnl\u00fck oral hijyen sa\u011flama prosed\u00fcrlerinizden farkl\u0131 ekstra bir i\u015flem gerekmemektedir. Di\u015f f\u0131r\u00e7alama, di\u015f ipi kullan\u0131m\u0131, k\u00f6pr\u00fc varsa buna uygun di\u015f ipi se\u00e7imiyle do\u011fal di\u015flerinizin \u00f6mr\u00fc uzad\u0131\u011f\u0131 gibi empresslerinizin de \u00f6mr\u00fc uzayacakt\u0131r.<br \/>\n<strong><span style=\"color: #ff950e;\">Zamanla di\u015f etim \u00e7ekilir mi?<\/span><\/strong><br \/>\nEmpress di\u015f kaplamalar\u0131na ba\u011fl\u0131 bir di\u015f eti \u00e7ekilmesi olu\u015fmayacakt\u0131r. Cilal\u0131 y\u00fczey \u00f6zelli\u011fi ve kenar uyumunun m\u00fckemmelli\u011fi plak birikimini zorla\u015ft\u0131rd\u0131\u011f\u0131 gibi di\u015f etiyle de biyolojik uyum i\u00e7erisindedir.<br \/>\n<strong><span style=\"color: #ff950e;\">Zamanla di\u015ften ayr\u0131l\u0131r m\u0131, aral\u0131k olu\u015fur mu?<\/span><\/strong><br \/>\nKesinlikle olu\u015fmaz. Yap\u0131\u015ft\u0131r\u0131c\u0131 sistem sayesinde di\u015fle s\u0131k\u0131 bir ba\u011flant\u0131 i\u00e7erisindedir. Bu yap\u0131\u015ft\u0131r\u0131c\u0131 zamanla erimez, kaybolmaz. Metal destekli porselenlerde zamanla olu\u015fan bu sorun empress porselenlerde s\u00f6z konusu de\u011fildir.<br \/>\nDi\u015fim empress kaplamalar\u0131n\u0131n alt\u0131ndan \u00e7\u00fcr\u00fcr m\u00fc?<br \/>\nEmpress\u2019in di\u015fe birebir oturmas\u0131 ve yap\u0131\u015ft\u0131r\u0131c\u0131n\u0131n \u00e7\u00f6z\u00fcnmemesi, empress alt\u0131nda kalan di\u015f dokusunu plaktan korur. Di\u015finiz empress alt\u0131nda \u00e7\u00fcr\u00fcmez.<br \/>\n<strong><span style=\"color: #ff950e;\">Empress d\u00fc\u015fer mi? K\u0131r\u0131l\u0131r m\u0131?<\/span><\/strong><br \/>\nKal\u0131c\u0131 yap\u0131\u015ft\u0131r\u0131lan bir empress\u2019in kendili\u011finden d\u00fc\u015fmesi ya da istenerek tek par\u00e7a halinde \u00e7\u0131kar\u0131lmas\u0131 m\u00fcmk\u00fcn de\u011fildir.<br \/>\nG\u00fc\u00e7lendirilmi\u015f yap\u0131lar\u0131 nedeniyle k\u0131r\u0131lmazlar; ancak do\u011fal di\u015fleri i\u00e7in tehlike olu\u015fturabilecek her darbe empressler i\u00e7in de tehlike arz eder.<br \/>\n<strong><span style=\"color: #ff950e;\">Zamanla rengi, \u015fekli de\u011fi\u015fir mi?<\/span><\/strong><br \/>\nRenk ve \u015fekli t\u00fcm \u00f6zelliklerini korur.<br \/>\n<strong><span style=\"color: #ff950e;\">Koku yapar m\u0131?<\/span><\/strong><br \/>\nEmpress cilal\u0131 y\u00fczeyiyle plak birikimine sebep olmay\u0131p, di\u015f etiyle uyumlu olmas\u0131yla kokmayan bir malzemedir.<br \/>\n<strong><span style=\"color: #ff950e;\">A\u011f\u0131z i\u00e7i dokularla uyumu nas\u0131l?<\/span><\/strong><br \/>\nT\u00fcm yumu\u015fak ve sert dokularla uyum i\u00e7erisindedir, p\u00fcr\u00fczs\u00fczd\u00fcr, biyolojik olarak uyumludur.<br \/>\n<strong><span style=\"color: #ff950e;\">Baz\u0131 metallere alerjim var, empress alerji yapar m\u0131 ?<\/span><\/strong><br \/>\nK\u0131ymetsiz metal ala\u015f\u0131mlar\u0131 bireylerde alerjik reaksiyona sebep olurken, full porselen olan empress her hangi bir reaksiyona sebep olmaz.<br \/>\nEski kaplamalar\u0131m, k\u00f6pr\u00fclerim di\u015f etimde siyah g\u00f6lgeler olu\u015fturuyor, empress\u2019in bu konuda avantaj\u0131 var m\u0131?<br \/>\nMetal alt yap\u0131l\u0131 porselenlerde di\u015f etinde metal yans\u0131mas\u0131 s\u00f6z konusudur; ancak empressler tamamen di\u015f rengindedir. Di\u015f etinizin sa\u011fl\u0131kl\u0131 pembe rengiyle uyum i\u00e7erisindedir.<br \/>\nEski kaplamalar\u0131m, k\u00f6pr\u00fclerim beyaz ancak mat duruyor, empressle daha do\u011fal bir g\u00f6r\u00fcnt\u00fc m\u00fcmk\u00fcn m\u00fc?<br \/>\nEmpressler ve alt\u0131nda kullan\u0131lan yap\u0131\u015ft\u0131r\u0131c\u0131lar \u0131\u015f\u0131\u011f\u0131 ge\u00e7irme \u00f6zellikleriyle do\u011fal di\u015fleri taklit edeceklerdir. \u0130stedi\u011finiz do\u011fal g\u00fcl\u00fc\u015f empresslerle m\u00fcmk\u00fcn.<br \/>\n<strong><span style=\"color: #ff950e;\">Tek di\u015fim de \u015fekil bozuklu\u011fu, konum bozuklu\u011fu var, empress yap\u0131l\u0131rsa fark edilir mi?<\/span><\/strong><br \/>\n\u00d6n b\u00f6lgede b\u00f6yle bir vakada empress, kullan\u0131labilecek en ideal malzemedir. Simetri\u011finde ki di\u015fin y\u00fczey \u00f6zellikleri, formu birebir i\u015flenebilir ve yap\u0131lan boyama tekni\u011finde renk uyumu sa\u011flan\u0131r. istenirse do\u011fal di\u015fin y\u00fczeyinde bulunan \u00e7atlaklar, beyaz lekelenmeler gibi karakteristik \u00f6zellikler de empresse yans\u0131t\u0131l\u0131r.<br \/>\n<strong><span style=\"color: #ff950e;\">Empress Nedir?<\/span><\/strong><br \/>\nYa\u015fla birlikte a\u015f\u0131nmalarla di\u015f boyu k\u0131sal\u0131r, \u015feffafl\u0131\u011f\u0131 azal\u0131r, rengi koyula\u015f\u0131r ve estetik canl\u0131l\u0131\u011f\u0131n\u0131 yitirir. G\u00f6r\u00fcnen di\u015f miktar\u0131n\u0131n azalmas\u0131 dudaklar\u0131n kont\u00fcr\u00fcn\u00fc ve g\u00fcl\u00fc\u015f\u00fcn\u00fcz\u00fc etkiler. Hastaya ideal g\u00fcl\u00fc\u015f tasar\u0131m\u0131 belirlenerek haz\u0131rlanan empresslerle di\u015fler istenilen boyuta, forma ve renge getirilir.<br \/>\n<strong><span style=\"color: #ff950e;\">Empress mi? Zirkonyum mu?<br \/>\n<\/span><\/strong><br \/>\nHer ikisi de metal alt yap\u0131 i\u00e7ermeyen g\u00fc\u00e7lendirilmi\u015f \u00f6zel porselenler olmalar\u0131yla m\u00fckemmel estetik ve biyolojik uyum sa\u011flar. \u00dcst\u00fcn \u0131\u015f\u0131k ge\u00e7irgenli\u011fi ve do\u011fal g\u00f6r\u00fcn\u00fcm\u00fc nedeniyle empressler \u00f6n b\u00f6lgede kullan\u0131l\u0131rken , estetik ve y\u00fcksek diren\u00e7 taleplerinin bulundu\u011fu durumlarda zirkonyumlar tercih edilir.\n<\/div>\n<p>[\/vc_column_text][\/vc_column][vc_column width=&#8221;1\/3&#8243;][vc_single_image image=&#8221;627&#8243; img_size=&#8221;full&#8221;][\/vc_column][\/vc_row]<\/p>\n","protected":false},"excerpt":{"rendered":"<p>[vc_row type=&#8221;container&#8221; padding_top=&#8221;&#8221; padding_bottom=&#8221;&#8221;][vc_column width=&#8221;2\/3&#8243;][vc_column_text] Empress (Full Porselen) Empress (full porselen di\u015f) nedir? Metal alt yap\u0131 kullan\u0131lmadan, bas\u0131n\u00e7 alt\u0131nda s\u0131k\u0131\u015ft\u0131r\u0131lm\u0131\u015f kristal yap\u0131l\u0131 seramik \u00e7ekirdek \u00fczerine cam seramik pi\u015firilerek elde edilen, dayan\u0131kl\u0131l\u0131\u011f\u0131 artt\u0131r\u0131lm\u0131\u015f porselendir. Tamam\u0131 seramikten olu\u015fur. Full porselen di\u015fler de denilebilir. Empress di\u015f kaplamalar\u0131 neden ve nas\u0131l daha do\u011fal g\u00f6r\u00fcn\u00fcr? Metal alt yap\u0131 bulunmamas\u0131 ve [&hellip;]<\/p>\n","protected":false},"author":1,"featured_media":0,"parent":0,"menu_order":0,"comment_status":"closed","ping_status":"closed","template":"","meta":{"footnotes":""},"class_list":["post-443","page","type-page","status-publish","hentry"],"_links":{"self":[{"href":"https:\/\/dishekimiguraypala.com\/index.php\/wp-json\/wp\/v2\/pages\/443","targetHints":{"allow":["GET"]}}],"collection":[{"href":"https:\/\/dishekimiguraypala.com\/index.php\/wp-json\/wp\/v2\/pages"}],"about":[{"href":"https:\/\/dishekimiguraypala.com\/index.php\/wp-json\/wp\/v2\/types\/page"}],"author":[{"embeddable":true,"href":"https:\/\/dishekimiguraypala.com\/index.php\/wp-json\/wp\/v2\/users\/1"}],"replies":[{"embeddable":true,"href":"https:\/\/dishekimiguraypala.com\/index.php\/wp-json\/wp\/v2\/comments?post=443"}],"version-history":[{"count":0,"href":"https:\/\/dishekimiguraypala.com\/index.php\/wp-json\/wp\/v2\/pages\/443\/revisions"}],"wp:attachment":[{"href":"https:\/\/dishekimiguraypala.com\/index.php\/wp-json\/wp\/v2\/media?parent=443"}],"curies":[{"name":"wp","href":"https:\/\/api.w.org\/{rel}","templated":true}]}}