{"id":416,"date":"2017-10-02T14:36:07","date_gmt":"2017-10-02T14:36:07","guid":{"rendered":"http:\/\/www.dishekimiguraypala.com\/?page_id=416"},"modified":"2017-10-02T14:36:07","modified_gmt":"2017-10-02T14:36:07","slug":"estetik-dis","status":"publish","type":"page","link":"https:\/\/dishekimiguraypala.com\/index.php\/estetik-dis\/","title":{"rendered":"Estetik Di\u015f"},"content":{"rendered":"<p>[vc_row full_width=&#8221;0&#8243; full_height=&#8221;0&#8243; row_padding=&#8221;no_padding&#8221; particles=&#8221;0&#8243;][vc_column][vc_text_separator title=&#8221;T\u00fcm Hizmetler&#8221;][\/vc_column][\/vc_row][vc_row full_width=&#8221;0&#8243; full_height=&#8221;0&#8243; row_padding=&#8221;no_top_padding&#8221; particles=&#8221;0&#8243;][vc_column width=&#8221;1\/3&#8243;]<!-- ========================== TEASER BOX ==========================-->\n<div class=\"teaser_box wpb_content_element text-center  skincolored_section    with_button    \">\n\n\n\n      <a href=\"http:\/\/www.dishekimiguraypala.com\/index.php\/full-porselen\/\" debug title=\"\" target=\"\"> \n\n        \n\n    <\/a>\n\n\n\n\n  <div class=\"content text-center boxed_special  with_button \">\n    \n    <div class=\"hgroup\">\n       <h4 class=\"neutralize_links\">\n       FULL PORSELEN\n       <\/h4>\n      \n    <\/div>\n\n    \n\n    <div class=\"link centered\">\n        <a href=\"http:\/\/www.dishekimiguraypala.com\/index.php\/full-porselen\/\"  target=\"\" class=\"btn btn-xs btn-primary\"><strong>Daha fazlas\u0131<\/strong><\/a>\n    <\/div>\n\n  <\/div>\n\n<\/div>\n\n<!-- END======================= TEASER BOX ==========================-->[\/vc_column][vc_column width=&#8221;1\/3&#8243;]<!-- ========================== TEASER BOX ==========================-->\n<div class=\"teaser_box wpb_content_element text-center  skincolored_section    with_button    \">\n\n\n\n      <a href=\"http:\/\/www.dishekimiguraypala.com\/index.php\/porselen-lamina-dis\/\" debug title=\"\" target=\"\"> \n\n        \n\n    <\/a>\n\n\n\n\n  <div class=\"content text-center boxed_special  with_button \">\n    \n    <div class=\"hgroup\">\n       <h4 class=\"neutralize_links\">\n       LAM\u0130NATE D\u0130\u015e\n       <\/h4>\n      \n    <\/div>\n\n    \n\n    <div class=\"link centered\">\n        <a href=\"http:\/\/www.dishekimiguraypala.com\/index.php\/porselen-lamina-dis\/\"  target=\"\" class=\"btn btn-xs btn-primary\"><strong>Daha fazlas\u0131<\/strong><\/a>\n    <\/div>\n\n  <\/div>\n\n<\/div>\n\n<!-- END======================= TEASER BOX ==========================-->[\/vc_column][vc_column width=&#8221;1\/3&#8243;]<!-- ========================== TEASER BOX ==========================-->\n<div class=\"teaser_box wpb_content_element text-center  skincolored_section    with_button    \">\n\n\n\n      <a href=\"http:\/\/www.dishekimiguraypala.com\/index.php\/zirkonyum-disler\/\" debug title=\"\" target=\"\"> \n\n        \n\n    <\/a>\n\n\n\n\n  <div class=\"content text-center boxed_special  with_button \">\n    \n    <div class=\"hgroup\">\n       <h4 class=\"neutralize_links\">\n       Z\u0130RKONYUM D\u0130\u015e\n       <\/h4>\n      \n    <\/div>\n\n    \n\n    <div class=\"link centered\">\n        <a href=\"http:\/\/www.dishekimiguraypala.com\/index.php\/zirkonyum-disler\/\"  target=\"\" class=\"btn btn-xs btn-primary\"><strong>Daha fazlas\u0131<\/strong><\/a>\n    <\/div>\n\n  <\/div>\n\n<\/div>\n\n<!-- END======================= TEASER BOX ==========================-->[\/vc_column][\/vc_row]<\/p>\n","protected":false},"excerpt":{"rendered":"<p>[vc_row full_width=&#8221;0&#8243; full_height=&#8221;0&#8243; row_padding=&#8221;no_padding&#8221; particles=&#8221;0&#8243;][vc_column][vc_text_separator title=&#8221;T\u00fcm Hizmetler&#8221;][\/vc_column][\/vc_row][vc_row full_width=&#8221;0&#8243; full_height=&#8221;0&#8243; row_padding=&#8221;no_top_padding&#8221; particles=&#8221;0&#8243;][vc_column width=&#8221;1\/3&#8243;][\/vc_column][vc_column width=&#8221;1\/3&#8243;][\/vc_column][vc_column width=&#8221;1\/3&#8243;][\/vc_column][\/vc_row]<\/p>\n","protected":false},"author":1,"featured_media":0,"parent":0,"menu_order":0,"comment_status":"closed","ping_status":"closed","template":"","meta":{"footnotes":""},"class_list":["post-416","page","type-page","status-publish","hentry"],"_links":{"self":[{"href":"https:\/\/dishekimiguraypala.com\/index.php\/wp-json\/wp\/v2\/pages\/416","targetHints":{"allow":["GET"]}}],"collection":[{"href":"https:\/\/dishekimiguraypala.com\/index.php\/wp-json\/wp\/v2\/pages"}],"about":[{"href":"https:\/\/dishekimiguraypala.com\/index.php\/wp-json\/wp\/v2\/types\/page"}],"author":[{"embeddable":true,"href":"https:\/\/dishekimiguraypala.com\/index.php\/wp-json\/wp\/v2\/users\/1"}],"replies":[{"embeddable":true,"href":"https:\/\/dishekimiguraypala.com\/index.php\/wp-json\/wp\/v2\/comments?post=416"}],"version-history":[{"count":0,"href":"https:\/\/dishekimiguraypala.com\/index.php\/wp-json\/wp\/v2\/pages\/416\/revisions"}],"wp:attachment":[{"href":"https:\/\/dishekimiguraypala.com\/index.php\/wp-json\/wp\/v2\/media?parent=416"}],"curies":[{"name":"wp","href":"https:\/\/api.w.org\/{rel}","templated":true}]}}