{"id":410,"date":"2017-10-02T14:33:24","date_gmt":"2017-10-02T14:33:24","guid":{"rendered":"http:\/\/www.dishekimiguraypala.com\/?page_id=410"},"modified":"2017-10-02T14:33:24","modified_gmt":"2017-10-02T14:33:24","slug":"implant","status":"publish","type":"page","link":"https:\/\/dishekimiguraypala.com\/index.php\/implant\/","title":{"rendered":"\u0130mplant"},"content":{"rendered":"<p>[vc_section][vc_row][vc_column][vc_column_text]<strong><span style=\"color: #004586;\">\u0130mplant Tedavisi<\/span><\/strong><br \/>\n\u0130mplant eksik di\u015fleri tamamlamak i\u00e7in \u00e7ene kemi\u011fine yerle\u015ftirilen bir t\u00fcr vidad\u0131r. Bu vidalar titanyum ad\u0131 verilen doku dostu bir materyalden imal edilir. Titanyumun doku ile uyumu ve kemi\u011fe ba\u011flanmas\u0131 \u00e7ok iyidir. Alerjik reaksiyonlara yol a\u00e7ma y\u00fczdesi \u00e7ok d\u00fc\u015f\u00fckt\u00fcr.Yerle\u015ftirildikten sonra v\u00fccudun bir par\u00e7as\u0131 haline gelir ve maksimum dayan\u0131kl\u0131l\u0131k g\u00f6sterir.<br \/>\n\u0130mplantlar tek di\u015f eksikliklerinde kom\u015fu di\u015flerin kesilmesine gerek kalmadan bo\u015fluklar\u0131n doldurulmas\u0131na imkan sa\u011flad\u0131klar\u0131 gibi tam di\u015fsizliklerde de bu implantlardan destek al\u0131narak daha tutucu ve kullan\u0131m\u0131 rahat protezler yap\u0131lmas\u0131na olanak sa\u011flar.<br \/>\nMerkezimizde a\u00e7\u0131k ve kapal\u0131 cerrahi teknikleri ile implant tedavisi alan\u0131ndaki t\u00fcm cerrahi i\u015flemler yerine getirilmektedir.<br \/>\n&nbsp;<br \/>\nKaybedilen di\u015flerin yerine tedavi amac\u0131yla yerle\u015ftirilen, bir s\u00fcre sonra kemik dokusuyla kayna\u015fan, do\u011fal bir di\u015f gibi i\u015f g\u00f6rebilen, uygun maddeden yap\u0131lm\u0131\u015f di\u015f k\u00f6klerine implant diyoruz.<br \/>\nTek di\u015f eksikli\u011fi, birden fazla di\u015f eksikli\u011fi ve tam di\u015fsizlik durumlar\u0131n\u0131n t\u00fcm\u00fcnde implant uygulanabilir. Yerle\u015ftirilecek alanda yeterli d\u00fczeyde kemik olmamas\u0131 durumda kemik ilave i\u015flemleri ile bir \u00e7ok vakada ba\u015far\u0131 ile implant uygulanabilmektedir.<br \/>\n\u0130mplant\u0131 v\u00fccudun kabul etmemesi gibi bir durum yoktur. \u0130mplant, v\u00fccudun herhangi bir reaksiyon g\u00f6stermedi\u011fi, alerjik reaksiyonlar\u0131n ve yan etkilerin olmad\u0131\u011f\u0131 maddelerden yap\u0131lm\u0131\u015ft\u0131r. \u0130mplant sonras\u0131 olu\u015fan sorunlar genelde do\u011fru planlama ve sonras\u0131nda do\u011fru bir tedavinin uygulanmamas\u0131 ya da hasta kaynakl\u0131 di\u011fer problemlerden kaynaklan\u0131r. Tedavi kalitesi ve hastan\u0131n a\u011f\u0131z di\u015f sa\u011fl\u0131\u011f\u0131na \u00f6zeni en kritik fakt\u00f6rlerdir.<br \/>\n&nbsp;<br \/>\n&nbsp;<br \/>\n[\/vc_column_text][\/vc_column][\/vc_row][vc_row][vc_column width=&#8221;1\/2&#8243;][vc_video link=&#8221;https:\/\/www.youtube.com\/watch?v=vSBo7Vhtduw&#8221;][\/vc_column][vc_column width=&#8221;1\/2&#8243;][\/vc_column][\/vc_row][vc_row][vc_column][vc_column_text]<strong><span style=\"color: #004586;\">Kimlere Uygulanabilir<\/span><\/strong><br \/>\n&nbsp;<br \/>\n<strong><span style=\"color: #004586;\">Tek di\u015f eksikli\u011fi:<\/span><\/strong><br \/>\nKom\u015fu di\u015fleriniz aras\u0131nda tek bir di\u015finiz yoksa bu b\u00f6lgeye yan di\u015fler a\u015f\u0131nd\u0131r\u0131lmadan implant uygulanabilir ve implant\u0131n \u00fczerine kaplama yap\u0131labilir. Bu sayede yan di\u015flerinizin a\u015f\u0131nd\u0131r\u0131larak k\u00f6pr\u00fc yap\u0131lma zorunlulu\u011fu ortadan kalkar. \u0130mplant\u0131n yap\u0131labilmesi i\u00e7in di\u015fler aras\u0131 bo\u015flukta yeterli alan\u0131n olmas\u0131 gerekir. Bo\u015f b\u00f6l\u00fcm kalan di\u015flerinizin hareketiyle zamanla biraz kapanabilecektir. Dolay\u0131s\u0131yla bu kapanma ya\u015fanmadan implant yapt\u0131r\u0131lmas\u0131 gereklidir.<br \/>\n<strong><span style=\"color: #004586;\">B\u00f6lgesel di\u015fsizlik:<\/span><\/strong><br \/>\nHer di\u015f bo\u015flu\u011funa implant yap\u0131lmas\u0131 gibi bir zorunluluk yoktur. Di\u015flerinizin ve kemik yap\u0131n\u0131z\u0131n durumuna g\u00f6re yap\u0131lacak implant say\u0131s\u0131na ve yerlerine karar verilir. \u00d6rne\u011fin 4 di\u015f bo\u015flu\u011fu olan bir b\u00f6lgeye 2 implant ve 4 di\u015ften olu\u015fan bir k\u00f6pr\u00fc \u00f6nerilebilir. Hangi b\u00f6lgeye ka\u00e7 implant yap\u0131laca\u011f\u0131na karar verilebilmesi i\u00e7in r\u00f6ntgeninizin incelenmesi ve muayenenizin yap\u0131lmas\u0131 gereklidir.<br \/>\n<strong><span style=\"color: #004586;\">T\u00fcmden di\u015fsizlik:<\/span><\/strong><br \/>\n\u00dcst \u00e7ene ve\/veya alt \u00e7enede komple di\u015fsizlik durumunda \u00e7ene kemi\u011fi durumunuz uygunsa genelde \u00fcst \u00e7ene i\u00e7in 8 implanttan olu\u015fan 14 di\u015fli k\u00f6pr\u00fc, alt \u00e7ene i\u00e7in 6 implanttan olu\u015fan 14 di\u015fli k\u00f6pr\u00fc \u00f6nerilebilir. Kemik d\u00fczeyiniz ve kalitesi yeterli de\u011filse ve kemik g\u00fc\u00e7lendirmelerle yeterli sonu\u00e7 al\u0131namayacaksa daha az implanttan olu\u015fan \u201call on four\u201d ya da barl\u0131 sistemler alternatif olabilir.<br \/>\n<strong><span style=\"color: #004586;\">Kemik d\u00fczeyinin yeterli olmamas\u0131:<\/span><\/strong><br \/>\nG\u00fcn\u00fcm\u00fczde geli\u015fmi\u015f teknoloji ve ileri cerrahi i\u015flemlerle ileri d\u00fczeyde kemik erimesi olan hastalarda bile implant yap\u0131labilmektedir. Greft ve membran olarak adland\u0131rd\u0131\u011f\u0131m\u0131z maddelerle kemik ilavesi ve dayan\u0131kl\u0131l\u0131\u011f\u0131n artt\u0131r\u0131lmas\u0131 sa\u011flanmaktad\u0131r. Yine \u00e7ene i\u00e7erisinde blok kemik transferi sonucunda implant yap\u0131labilecek yeterlilikte kemik olu\u015fumu sa\u011flanabilmektedir.<br \/>\n<strong><span style=\"color: #004586;\">Di\u015f \u00e7ekimi sonras\u0131 hemen implant:<\/span><\/strong><br \/>\nYeni y\u00f6ntemler di\u015f \u00e7ekiminin hemen ard\u0131ndan ilgili b\u00f6lgede yap\u0131lacak g\u00fc\u00e7lendirme \u00e7al\u0131\u015fmalar\u0131 sonras\u0131nda ba\u015far\u0131yla implant yerle\u015ftirilmesini m\u00fcmk\u00fcn k\u0131lmaktad\u0131r. Ancak bu i\u015flemin di\u015f \u00e7ekiminin hemen sonras\u0131nda yap\u0131lmas\u0131 gereklidir. Aksi durumda 3,4 ay beklenmesi gerekebilir.<br \/>\n<strong><span style=\"color: #004586;\">\u0130mplantta ya\u015f s\u0131n\u0131r\u0131<\/span><\/strong><br \/>\n\u0130mplant fiziksel geli\u015fimini tamamlam\u0131\u015f t\u00fcm biriyelere uygulanabilir. Genelde erkekler i\u00e7in 17-18 ya\u015f, kad\u0131nlarda 16-17 ya\u015f implant\u0131n yap\u0131labilmesi i\u00e7in yeterli ya\u015flard\u0131r. \u0130leri ya\u015flarda ki\u015finin sa\u011fl\u0131k durumunun cerrahi i\u015fleme engel olmayaca\u011f\u0131 t\u00fcm durumlarda implant yap\u0131labilir.<br \/>\n<strong><span style=\"color: #004586;\">Hastal\u0131klarda implant tedavisi<\/span><\/strong><br \/>\nSistematik hastal\u0131klar\u0131n \u00e7o\u011funda\u00a0implant tedavisi m\u00fcmk\u00fcnd\u00fcr. Tedavi i\u00e7in hastal\u0131\u011f\u0131n kontrol alt\u0131nda\u00a0olmas\u0131\u00a0ve\u00a0ilgili hekimin onay\u0131\u00a0gereklidir. Bu konuda hastal\u0131\u011f\u0131n\u0131za \u00f6zel bilgi almak i\u00e7in bize dan\u0131\u015fabilirsiniz.<br \/>\n<strong><span style=\"color: #004586;\">Sigara i\u00e7enlerde implant tedavisi<\/span><\/strong><br \/>\nSigara i\u00e7en bir \u00e7ok hastaya \u00a0implant ba\u015far\u0131yla\u00a0uygulanabilmektedir. Ancak g\u00fcnde yakla\u015f\u0131k bir paket sigara i\u00e7iliyorsa ve a\u011f\u0131z di\u015f bak\u0131m\u0131 ihmal ediliyorsa, \u00a0implant ba\u015far\u0131 \u015fans\u0131 di\u011fer hastalara g\u00f6re daha d\u00fc\u015f\u00fckt\u00fcr. Sigara i\u00e7en hastalar\u0131n sigaray\u0131 b\u0131rakam\u0131yorlarsa sigara t\u00fcketim say\u0131s\u0131n\u0131 azaltmalar\u0131, a\u011f\u0131z ve di\u015f bak\u0131m\u0131na di\u011fer hastalara g\u00f6re \u00e7ok daha fazla dikkat etmeleri gerekmektedir. Bu konuda risk d\u00fczeyiniz ve yap\u0131labilecekler konusunda bize dan\u0131\u015fabilirsiniz.<br \/>\n&nbsp;<br \/>\n&nbsp;<br \/>\n&nbsp;<br \/>\n<strong><span style=\"color: #004586;\">Avantajlar<\/span><\/strong><br \/>\n&nbsp;<br \/>\n\u0130mplant altyap\u0131l\u0131 protezler di\u011fer protezlere g\u00f6re \u00e7ok daha iyi \u00e7i\u011fneme fonksiyonu sa\u011flarlar.<br \/>\nEstetik ve dayan\u0131kl\u0131l\u0131k bak\u0131m\u0131ndan olduk\u00e7a \u00fcst\u00fcnd\u00fcrler.<br \/>\nSizi hareketli protez kullanma zorunlulu\u011fundan ve zorlu\u011fundan kurtar\u0131r, \u00a0hareketli protez kullanan ki\u015filerin \u00f6zg\u00fcvenini geri kazanmas\u0131na yard\u0131mc\u0131 olur.<br \/>\n\u00c7ene kemi\u011fi erimeleri implant sayesinde azal\u0131r.<br \/>\nDogal di\u015flerin a\u015f\u0131nd\u0131r\u0131l\u0131p k\u00f6pr\u00fc yap\u0131lmas\u0131 zorunlulu\u011funu ortadan kald\u0131r\u0131r.<br \/>\nDi\u015feti ve kemi\u011fi destekledi\u011fi i\u00e7in k\u00f6pr\u00fc protezlere oranla daha do\u011fal ve estetik sonu\u00e7 verir. \u0130mplant sayesinde Daha sa\u011fl\u0131kl\u0131 ve dengeli beslenme sa\u011flan\u0131r.<br \/>\n<strong><span style=\"color: #004586;\">Deazavantajlar<\/span><\/strong><br \/>\n&nbsp;<br \/>\nEn b\u00fcy\u00fck dezavantaj\u0131 yanl\u0131\u015f ve yetersiz uygulamalar sonucu ortaya \u00e7\u0131kabilecek komplikasyonlard\u0131r. Enfeksiyonlar hem implant\u0131n\u00a0hem de etraf\u0131ndaki sa\u011fl\u0131kl\u0131 kemik dokusunun kaybedilmesiyle sonu\u00e7lanabilir<br \/>\n\u0130mplant k\u00f6pr\u00fc protezlere g\u00f6re daha maliyetlidir, ancak birka\u00e7 sene \u00f6ncesine g\u00f6re maliyetleri makul d\u00fczeylere d\u00fc\u015fm\u00fc\u015ft\u00fcr.<br \/>\nCerrahi uygulamadan sonra baz\u0131 zorlu vakalarda bir tak\u0131m a\u011fr\u0131lar, \u015fi\u015flikler, morarmalar olabilmektedir. Ancak hepsi zamanla ge\u00e7ecek s\u0131k\u0131nt\u0131lard\u0131r.<br \/>\nYanl\u0131\u015f endikasyonlar, yeterli bilgi birikim ve tecr\u00fcbeyle yap\u0131lamayan implat tedavileri \u00f6zellikle estetik a\u00e7\u0131dan dezavantaja d\u00f6n\u00fc\u015febilir.<br \/>\n[\/vc_column_text][\/vc_column][\/vc_row][vc_row][vc_column width=&#8221;1\/2&#8243;][vc_video link=&#8221;https:\/\/www.youtube.com\/watch?v=j0U4XEZU2Uw&#8221;][\/vc_column][vc_column width=&#8221;1\/2&#8243;][vc_video link=&#8221;https:\/\/www.youtube.com\/watch?v=6AGB8HIPezw&#8221;][\/vc_column][\/vc_row][\/vc_section][vc_row][vc_column][vc_column_text]<strong><span style=\"color: #004586;\">\u0130mplant ne kadar s\u00fcrede yap\u0131l\u0131r<\/span><\/strong><br \/>\n&nbsp;<br \/>\nTeknolojik olanaklarla tamamen di\u015fsiz a\u011f\u0131zlara dahi bir g\u00fcnde t\u00fcm impilantlar\u0131 (12-14 vidal\u0131 di\u015f) uygulayabilmekteyiz. Baz\u0131 durumlarda \u00f6zellikle de hastalar\u0131n konforu a\u00e7\u0131s\u0131ndan cerrahi uygulama birka\u00e7 seansa b\u00f6l\u00fcnebilir. Vakaya g\u00f6re de\u011fi\u015fmekle beraber 1 implant\u0131 cerrahi olarak uygulama s\u00fcremiz genelde 15 dk. d\u0131r.<br \/>\nStandart implant uygulamas\u0131nda implantlar\u0131n \u00fczerine di\u015f protezi yapmak i\u00e7in cerrahi a\u015famay\u0131 m\u00fcteakip alt \u00e7enede 2-3 ay \u00fcst \u00e7enede 3-5 ay beklenmesi gerekir. Bunun sebebi implantla \u00e7ene kemi\u011fi aras\u0131nda sa\u011fl\u0131kl\u0131 bir kemik dokusu olu\u015fumunun zorunlu olarak beklenmesidir. Yeterli s\u00fcre ge\u00e7tikten sonra protez a\u015famas\u0131nda, implantlar\u0131n \u00fczeri a\u00e7\u0131l\u0131p \u00f6l\u00e7\u00fcleri al\u0131n\u0131r. 2-3 seansta ve yakla\u015f\u0131k 1 haftada \u0131mplant \u00fcst\u00fc protez yap\u0131larak tedavi tamamlan\u0131r.[\/vc_column_text][vc_row_inner][vc_column_inner width=&#8221;1\/2&#8243;][vc_video link=&#8221;https:\/\/www.youtube.com\/watch?v=WcFMW5YlFQs&#8221;][\/vc_column_inner][vc_column_inner width=&#8221;1\/2&#8243;][vc_video link=&#8221;https:\/\/www.youtube.com\/watch?v=ezpwOGMk1aE&#8221;][\/vc_column_inner][\/vc_row_inner][\/vc_column][\/vc_row][vc_row][vc_column][vc_column_text]<strong><span style=\"color: #004586;\">Tedavi S\u00fcresince A\u011fr\u0131 ve Ac\u0131<\/span><\/strong><br \/>\n&nbsp;<br \/>\nKorku nedeniyle y\u0131llarca di\u015f hekimine gitmemi\u015f hastalar bile implant tedavisi sonras\u0131 bu korkular\u0131n\u0131 yenebilmektedir. \u0130mplant cerrahisi i\u00e7in lokal anestezi yeterli olmaktad\u0131r. Lokal anestezi sonras\u0131 hasta hi\u00e7 bir a\u011fr\u0131 hissetmemekte hatta implant\u0131n yerle\u015ftirildi\u011fini bile anlayamayabilmektedir. Lokal anestezi i\u00e7in kimi kliniklerde kullan\u0131lan\u00a0elektronik i\u011fnelerle anestezi a\u015famas\u0131nda\u00a0hafif i\u011fne ac\u0131s\u0131 bile \u00e7o\u011fu durumda hissedilmemektedir. Dolay\u0131s\u0131yla psikolojik nedenlerle istenilen genel anesteziye tedavi kapsam\u0131nda hi\u00e7 bir gereklilik yoktur. Yinede kendinizi haz\u0131r hissetmiyorsan\u0131z uygun bir ortamda ba\u015fka bir hastaya yap\u0131lan implant tedavisini\u00a0izleyerek t\u00fcm endi\u015felerinizden kurtulabilirsiniz.<br \/>\nTedavi sonras\u0131nda bir ka\u00e7 g\u00fcn s\u00fcrebilecek a\u011fr\u0131 ise son derece normaldir. Bu a\u011fr\u0131 hekim taraf\u0131ndan \u00f6nerilen a\u011fr\u0131 kesicilerle \u00f6nemli \u00f6l\u00e7\u00fcde azalmaktad\u0131r. Bir \u00e7ok hasta ayn\u0131 g\u00fcn kullan\u0131lan a\u011fr\u0131 kesiciden sonra yeni a\u011fr\u0131 kesiciye gerek duymad\u0131klar\u0131n\u0131 s\u00f6ylemektedir. A\u011fr\u0131n\u0131n s\u00fcresi ki\u015fiden ki\u015fiye ve yap\u0131lan cerrahi i\u015flemin kapsam\u0131nda g\u00f6re de\u011fi\u015fmektedir. \u00a0A\u00e7\u0131k sin\u00fcs kald\u0131r\u0131ma ve kemik transferi gibi cerrahi i\u015flemler sonras\u0131 b\u00f6lgesel \u015fi\u015flik ve morluk g\u00f6r\u00fclebilmekte ve bu etkiler yakla\u015f\u0131k bir hafta i\u00e7ersinde azalarak ortadan kalkmaktad\u0131r. Hekim taraf\u0131ndan uygulanan \u00f6nlemlerle\u00a0 bu etkiler de minimumda tutulabilmektedir.<br \/>\n&nbsp;<br \/>\n<strong><span style=\"color: #004586;\">TEDAV\u0130 S\u00dcREC\u0130<\/span><\/strong><br \/>\n<strong><span style=\"color: #004586;\">CERRAH\u0130 A\u015eAMA<\/span><\/strong><br \/>\n\u0130lk muayene sonucunda di\u015f hekimi taraf\u0131ndan ekstra bir \u00f6nlem al\u0131nmas\u0131 belirtilmemi\u015fse, a\u011f\u0131z hijyeni d\u00fczeltilmi\u015fse, hasta a\u00e7\u0131s\u0131ndan normalden fakl\u0131 bir haz\u0131rl\u0131k yapmas\u0131 gerekmez.\u00a0Ancak implant cerrahisinin yap\u0131laca\u011f\u0131 tarihte, hastalar\u0131n v\u00fccut direncinin yerinde olmas\u0131 ko\u015fulu istenir, yani hasta ba\u015fka bir hastal\u0131ktan \u00f6t\u00fcr\u00fc halsiz d\u00fc\u015fm\u00fc\u015fse implant cerrahisi genelde ba\u015fka bir tarihe ertelenir, hastan\u0131n genel sa\u011fl\u0131k durumunun d\u00fczelmesi beklenir.<br \/>\nAyr\u0131ca a\u011f\u0131z hijyeni iyi olmayan, di\u015f etleri iltihapl\u0131, di\u015f y\u00fczeyinde bolca bakteri pla\u011f\u0131 olan ki\u015filerde implant yap\u0131lmadan \u00f6nce bu sorunlar\u0131n tamam\u0131 giderilmeli ve a\u011f\u0131z hijyeni d\u00fczeltilmelidir.<br \/>\nVidal\u0131 di\u015f yap\u0131lacak di\u015fsiz b\u00f6lgenin tamamen hissizle\u015ftirilip \u0131mplant \u0131n cerrahi y\u00f6ntemle kemi\u011fe yerle\u015ftirilmesidir.\u00a0Hissizle\u015ftirme\u00a0 genelde i\u015flem yap\u0131lacak b\u00f6lgenin uyu\u015fturulmas\u0131yla\u00a0\u00a0 lokal olarak sa\u011flan\u0131r. ancak baz\u0131 durumlarda genel anestezi ile(tamamen uyutarak)\u00a0 cerrahi i\u015flem yap\u0131labilir.\u00a0Cerrahi a\u015fama\u00a0 a\u00e7\u0131k ya da kapal\u0131 cerrahi y\u00f6ntemleriyle yap\u0131labilir.<br \/>\nA\u00e7\u0131k Cerrahi Y\u00f6ntem<br \/>\nHekimin implant\u0131 uygulayaca\u011f\u0131\u00a0 sert doku alan\u0131n\u0131 bizzat g\u00f6rerek cerrahi uygulamay\u0131 yapmas\u0131d\u0131r. Bu y\u00f6ntemde\u00a0 yumu\u015fak dokuda kesi yap\u0131l\u0131r ve bu doku\u00a0 a\u00e7\u0131larak kemik alan\u0131 g\u00f6r\u00fcl\u00fcr. \u00a0\u0130mplant uygulamas\u0131 bitti\u011finde a\u00e7\u0131lan b\u00f6lge diki\u015f at\u0131larak kapat\u0131l\u0131r.<br \/>\n<strong><span style=\"color: #004586;\">Kapal\u0131 cerrahi y\u00f6ntem (flapsiz y\u00f6ntem)<\/span><\/strong><br \/>\nAmeliyats\u0131z y\u00f6ntem olarak da bilinir. Bu y\u00f6ntemde hastan\u0131n dental tomografik g\u00f6r\u00fcnt\u00fcs\u00fc ve a\u011f\u0131z i\u00e7i \u00f6l\u00e7\u00fcs\u00fcnden faydalanarak implant yap\u0131lacak b\u00f6lgeye uygun cerrahi klavuz haz\u0131rlan\u0131r. Bu klavuz e\u015fli\u011finde herhangi bir kesi alan\u0131 a\u00e7madan, di\u015f etini kald\u0131rmadan implant yerle\u015ftirilir. Bu y\u00f6ntemde\u00a0 diki\u015f at\u0131lmaz. \u00c7\u00fcnk\u00fc bisturi ile kesilmi\u015f bir di\u015f eti alan\u0131 yoktur.<br \/>\n<strong><span style=\"color: #004586;\">Immediant Implant Y\u00f6ntemi<\/span><\/strong><br \/>\nBir \u00e7ok vakada di\u015f \u00e7ekilir \u00e7ekilmez \u00e7\u0131kan di\u015f bo\u015flu\u011funa implant yerle\u015ftirilebilir. Kesi at\u0131lmamas\u0131, flap kald\u0131r\u0131lmamas\u0131 bak\u0131m\u0131ndan kapal\u0131 cerrahi y\u00f6nteme benzemektedir, ancak implant uygulanacak alandaki kemi\u011fin net olarak g\u00f6zlemlenmesi bak\u0131m\u0131ndan da a\u00e7\u0131k cerrahi y\u00f6nteme benzemektedir. Bu y\u00f6ntemde genellikle diki\u015f at\u0131lmamaktad\u0131r. S\u00fcreyi k\u0131saltmas\u0131 ikinci bir cerrahiye ihtiya\u00e7 duyulmamas\u0131 y\u00fcz\u00fcnden \u00e7ok avantajl\u0131 bir y\u00f6ntemdir. Implant cerrahisi bittikten sonra hastan\u0131n di\u015fsiz b\u00f6lgesine uygun ge\u00e7ici bir di\u015f protezi yap\u0131l\u0131r. Her vakada ve her vidal\u0131 di\u015f cerrahi uygulamas\u0131 sonras\u0131nda ge\u00e7ici bir protez yap\u0131lamayabilir.<br \/>\n&nbsp;<br \/>\n<strong><span style=\"color: #004586;\">\u0130MPLANT TEDAV\u0130S\u0130 PROTEZ A\u015eAMASI<\/span><\/strong><br \/>\n&nbsp;<br \/>\nR\u00f6ntgen \u00e7ekilerek \u0131mplantlar\u0131n kemikle kayna\u015fma d\u00fczeyi kontrol edilir.<br \/>\nDi\u015f etleri a\u00e7\u0131k cerrahi y\u00f6ntemle a\u00e7\u0131larak di\u015f eti \u015fekillendirici yerle\u015ftirildi\u011fi durumlarda \u00f6l\u00e7\u00fc almak i\u00e7in 4 ila 5 g\u00fcn beklenebilir.<br \/>\n\u00d6l\u00e7\u00fcden sonraki seansta abutment ve alt yap\u0131 provas\u0131 yap\u0131l\u0131r. Porselen i\u00e7in \u00f6l\u00e7\u00fc al\u0131n\u0131r.<br \/>\nPorselen provas\u0131nda sorun yoksa di\u015fler ge\u00e7ici olarak yap\u0131\u015ft\u0131r\u0131larak \u00a0bir s\u00fcre kulland\u0131r\u0131l\u0131r.<br \/>\nDi\u015f etinin \u00fczerinden k\u00fc\u00e7\u00fck delikler a\u00e7\u0131larak \u0131mplantlar\u0131n i\u00e7erisine di\u015f eti \u015fekillendiriciler vidalan\u0131r. Bu s\u00fcre\u00e7te Implant Dedekt\u00f6r kullan\u0131m\u0131 \u0131mplant\u0131n yerinin \u00a0tam olarak belirlenmesini kolayla\u015ft\u0131rd\u0131\u011f\u0131 i\u00e7in ayn\u0131 seansta \u00f6l\u00e7\u00fc al\u0131nmas\u0131na da izin verir.<br \/>\n\u00d6l\u00e7\u00fc al\u0131nd\u0131ktan sonra laboratuarda protezlerin alt yap\u0131s\u0131 (metal, zirkonyum, vb.) haz\u0131rlan\u0131r.<br \/>\nAltyap\u0131 provas\u0131ndan sonraki seansta porselen provas\u0131 yap\u0131l\u0131r.<br \/>\nProtez ve kaplama kullan\u0131m\u0131nda bir sorun yoksa kal\u0131c\u0131 yap\u0131\u015ft\u0131rma yap\u0131l\u0131r. Sorun olu\u015fturdu\u011fu taktirde gerekli d\u00fczeltmeler yap\u0131l\u0131r.<br \/>\n&nbsp;<br \/>\n<strong><span style=\"color: #004586;\">Ba\u015far\u0131 fakt\u00f6rleri ve garanti<\/span><\/strong><br \/>\n&nbsp;<br \/>\nBa\u015far\u0131da en \u00f6nemli fakt\u00f6r, implat\u0131 ve protezi yapan hekimlerin, asistalar\u0131n ve teknisyenlerin bilgi, beceri\u00a0ve deneyimidir.\u00a0Do\u011fru bir planlama ve prosed\u00fcrlere uygun bir tedavi s\u00fcreci \u00a0ile kolay bir s\u00fcre\u00e7 \u00a0sonucunda yeni di\u015flerinize kavu\u015fabilirsiniz. \u00a0Tedavide\u00a0steril \u00e7al\u0131\u015fma esast\u0131r,\u00a0implant maksimum hijyen ko\u015fullar\u0131nda yap\u0131lmal\u0131d\u0131r. Destekleyici\u00a0teknolojik olanaklardan faydalan\u0131lmas\u0131 implant ba\u015far\u0131s\u0131n\u0131 artt\u0131ran ve tedavi s\u00fcrecinizi sizin a\u00e7\u0131n\u0131zdan daha konforlu hale getiren fakt\u00f6rlerdendir.\u00a0\u0130mplant ba\u015far\u0131s\u0131nda hastan rol\u00fc de \u00f6nemlidir. Hastan\u0131n a\u011f\u0131z hijyenine dikkat etmesi, ila\u00e7lar\u0131n\u0131 d\u00fczenli kullanmas\u0131, hekimin uyar\u0131lar\u0131na ve \u00f6nerilerine uymas\u0131 gereklidir. Aksi takdirde vidal\u0131 di\u015f \u00e7evresindeki kemik dokusunda enfeksiyon geli\u015febilir.<br \/>\n\u0130mplantlar i\u00e7in 20 y\u0131l de\u011fi\u015fim \u00a0garantisi, \u00a0Protezler i\u00e7in 6\u00a0y\u0131l onar\u0131m garantisi vermekteyiz.\u00a0Hasta kaynakl\u0131 a\u011f\u0131z hijyen sorunlar\u0131nlar\u0131ndan, kaza ve darbelerden kaynaklanan problemler garanti kapsam\u0131 d\u0131\u015f\u0131ndad\u0131r.[\/vc_column_text][\/vc_column][\/vc_row]<\/p>\n","protected":false},"excerpt":{"rendered":"<p>[vc_section][vc_row][vc_column][vc_column_text]\u0130mplant Tedavisi \u0130mplant eksik di\u015fleri tamamlamak i\u00e7in \u00e7ene kemi\u011fine yerle\u015ftirilen bir t\u00fcr vidad\u0131r. Bu vidalar titanyum ad\u0131 verilen doku dostu bir materyalden imal edilir. Titanyumun doku ile uyumu ve kemi\u011fe ba\u011flanmas\u0131 \u00e7ok iyidir. Alerjik reaksiyonlara yol a\u00e7ma y\u00fczdesi \u00e7ok d\u00fc\u015f\u00fckt\u00fcr.Yerle\u015ftirildikten sonra v\u00fccudun bir par\u00e7as\u0131 haline gelir ve maksimum dayan\u0131kl\u0131l\u0131k g\u00f6sterir. \u0130mplantlar tek di\u015f eksikliklerinde kom\u015fu [&hellip;]<\/p>\n","protected":false},"author":1,"featured_media":0,"parent":0,"menu_order":0,"comment_status":"closed","ping_status":"closed","template":"","meta":{"footnotes":""},"class_list":["post-410","page","type-page","status-publish","hentry"],"_links":{"self":[{"href":"https:\/\/dishekimiguraypala.com\/index.php\/wp-json\/wp\/v2\/pages\/410","targetHints":{"allow":["GET"]}}],"collection":[{"href":"https:\/\/dishekimiguraypala.com\/index.php\/wp-json\/wp\/v2\/pages"}],"about":[{"href":"https:\/\/dishekimiguraypala.com\/index.php\/wp-json\/wp\/v2\/types\/page"}],"author":[{"embeddable":true,"href":"https:\/\/dishekimiguraypala.com\/index.php\/wp-json\/wp\/v2\/users\/1"}],"replies":[{"embeddable":true,"href":"https:\/\/dishekimiguraypala.com\/index.php\/wp-json\/wp\/v2\/comments?post=410"}],"version-history":[{"count":0,"href":"https:\/\/dishekimiguraypala.com\/index.php\/wp-json\/wp\/v2\/pages\/410\/revisions"}],"wp:attachment":[{"href":"https:\/\/dishekimiguraypala.com\/index.php\/wp-json\/wp\/v2\/media?parent=410"}],"curies":[{"name":"wp","href":"https:\/\/api.w.org\/{rel}","templated":true}]}}