{"id":407,"date":"2017-10-02T14:28:14","date_gmt":"2017-10-02T14:28:14","guid":{"rendered":"http:\/\/www.dishekimiguraypala.com\/?page_id=407"},"modified":"2017-10-02T14:28:14","modified_gmt":"2017-10-02T14:28:14","slug":"tedavi","status":"publish","type":"page","link":"https:\/\/dishekimiguraypala.com\/index.php\/tedavi\/","title":{"rendered":"Tedavi"},"content":{"rendered":"<p>[vc_row type=&#8221;container&#8221; padding_top=&#8221;&#8221; padding_bottom=&#8221;&#8221;][vc_column width=&#8221;2\/3&#8243;][vc_column_text]<\/p>\n<div align=\"justify\">\n<strong><span style=\"color: #004586;\">Estetik Dolgular<\/span><\/strong><br \/>\n<strong><span style=\"color: #ff950e;\">Estetik dolgu uygulamalar\u0131 neden gerekir?<\/span><\/strong><br \/>\nG\u00fcn\u00fcm\u00fczde ama\u00e7, uygulanan di\u015f tedavilerinin hem g\u00f6rsel hem fonksiyonel olarak tatmin edici olmas\u0131d\u0131r. Bu nedenle yap\u0131lan dolgular\u0131n da \u015fekil ve renk olarak do\u011fal di\u015f formunda olmas\u0131, dolgu s\u0131n\u0131rlar\u0131n\u0131n belli olmamas\u0131, ki\u015finin dolguyu kendi di\u015finden ay\u0131rt edememesi as\u0131l hedeftir.<br \/>\nEstetik dolgu nedir?<br \/>\nEstetik dolgu malzemesi kompozittir. \u015eekil verilebilme \u00f6zelli\u011finde olup halojen \u0131\u015f\u0131kla sertle\u015ftirilir ve di\u015fe kimyasal olarak ba\u011flan\u0131r.<br \/>\n<strong><span style=\"color: #ff950e;\">Estetik dolgular dayan\u0131kl\u0131 m\u0131d\u0131r?<\/span><\/strong><br \/>\n\u00d6nceki y\u0131llarda metal dolgular\u0131n daha dayan\u0131kl\u0131 ve fonksiyonel oldu\u011funa inan\u0131lmas\u0131na ra\u011fmen geli\u015fen teknolojiyle birlikte malzeme i\u00e7eri\u011fi sa\u011flamla\u015ft\u0131r\u0131lm\u0131\u015f, metal dolgulardan \u00e7ok daha uzun \u00f6m\u00fcrl\u00fc, estetik ve sa\u011fl\u0131kl\u0131 bir yap\u0131ya ge\u00e7ilmi\u015ftir.<br \/>\n<strong><span style=\"color: #ff950e;\">Estetik dolgular\u0131n \u00f6mr\u00fc var m\u0131d\u0131r?<\/span><\/strong><br \/>\nRutin a\u011f\u0131z bak\u0131m\u0131yla birlikte estetik dolgularda deformasyon olu\u015fmaz, dolgularda aralanma veya s\u0131zd\u0131rma olmaz. 6 ay-1 y\u0131l aras\u0131 kontrollerinizde \u00a0estetik dolgular\u0131n\u0131z\u0131n bak\u0131m\u0131 yap\u0131l\u0131r, cilalar\u0131 yenilenir ve \u00e7ok daha uzun \u00f6m\u00fcrl\u00fc kalmalar\u0131 sa\u011flan\u0131r. K\u0131saca dolgunun \u00f6mr\u00fc, ki\u015finin a\u011f\u0131z bak\u0131m\u0131yla ba\u011flant\u0131l\u0131d\u0131r.<br \/>\n<strong><span style=\"color: #ff950e;\">Estetik dolgular\u0131 zamanla de\u011fi\u015ftirmek gerekli midir?<\/span><\/strong><br \/>\nHay\u0131r, di\u015flerinizin rutin bak\u0131m\u0131 yap\u0131ld\u0131\u011f\u0131 m\u00fcddet\u00e7e di\u015fte tespit edilen bir \u00e7\u00fcr\u00fcme yoksa estetik dolguyu de\u011fi\u015ftirmek gerekmez.<br \/>\n<strong><span style=\"color: #ff950e;\">Estetik dolgular\u0131n direnci nedir, di\u015fleri korur mu?<\/span><\/strong><br \/>\nDo\u011fal di\u015flerimizin sertli\u011fine daha yak\u0131n oldu\u011fundan ve di\u015flere kimyasal olarak ba\u011fland\u0131\u011f\u0131ndan di\u015fteki muhtemel k\u0131r\u0131lmalara kar\u015f\u0131 daha koruyucudur.<br \/>\n<strong><span style=\"color: #ff950e;\">Siyah (amalgam) dolgular\u0131m\u0131 estetik dolgularla de\u011fi\u015ftirebilir miyim?<\/span><\/strong><br \/>\nAmalgam dolgular\u0131n\u0131z\u0131 tek seansta estetik dolgular ile de\u011fi\u015ftirebilirsiniz.<br \/>\n&nbsp;<br \/>\n<strong><span style=\"color: #ff950e;\">Estetik dolgu mu yoksa porselen kaplama m\u0131 yapt\u0131rmal\u0131y\u0131m?<\/span><\/strong><br \/>\nM\u00fcmk\u00fcn oldu\u011funca di\u015fin do\u011fal yap\u0131s\u0131n\u0131n korunmas\u0131ndan yanay\u0131z. B\u00fcy\u00fck \u00e7\u00fcr\u00fcmeler veya k\u0131r\u0131lmalar nedeniyle dayan\u0131ks\u0131z kalan di\u015flerin \u00f6ncelikli olarak estetik dolguyla ne derece sa\u011flamla\u015ft\u0131r\u0131labilece\u011fi de\u011ferlendirilir. Kompozit teknolojisindeki geli\u015fmeler sayesinde, eskiden porselen kaplama yap\u0131lmas\u0131 gereken \u00e7o\u011fu di\u015fin g\u00fcn\u00fcm\u00fczde uzun y\u0131llar sadece dolguyla devaml\u0131l\u0131\u011f\u0131 sa\u011flan\u0131r.\n<\/div>\n<p>[\/vc_column_text][\/vc_column][vc_column width=&#8221;1\/3&#8243;][vc_single_image image=&#8221;620&#8243; img_size=&#8221;full&#8221;][\/vc_column][\/vc_row]<\/p>\n","protected":false},"excerpt":{"rendered":"<p>[vc_row type=&#8221;container&#8221; padding_top=&#8221;&#8221; padding_bottom=&#8221;&#8221;][vc_column width=&#8221;2\/3&#8243;][vc_column_text] Estetik Dolgular Estetik dolgu uygulamalar\u0131 neden gerekir? G\u00fcn\u00fcm\u00fczde ama\u00e7, uygulanan di\u015f tedavilerinin hem g\u00f6rsel hem fonksiyonel olarak tatmin edici olmas\u0131d\u0131r. Bu nedenle yap\u0131lan dolgular\u0131n da \u015fekil ve renk olarak do\u011fal di\u015f formunda olmas\u0131, dolgu s\u0131n\u0131rlar\u0131n\u0131n belli olmamas\u0131, ki\u015finin dolguyu kendi di\u015finden ay\u0131rt edememesi as\u0131l hedeftir. Estetik dolgu nedir? Estetik dolgu [&hellip;]<\/p>\n","protected":false},"author":1,"featured_media":0,"parent":0,"menu_order":0,"comment_status":"closed","ping_status":"closed","template":"","meta":{"footnotes":""},"class_list":["post-407","page","type-page","status-publish","hentry"],"_links":{"self":[{"href":"https:\/\/dishekimiguraypala.com\/index.php\/wp-json\/wp\/v2\/pages\/407","targetHints":{"allow":["GET"]}}],"collection":[{"href":"https:\/\/dishekimiguraypala.com\/index.php\/wp-json\/wp\/v2\/pages"}],"about":[{"href":"https:\/\/dishekimiguraypala.com\/index.php\/wp-json\/wp\/v2\/types\/page"}],"author":[{"embeddable":true,"href":"https:\/\/dishekimiguraypala.com\/index.php\/wp-json\/wp\/v2\/users\/1"}],"replies":[{"embeddable":true,"href":"https:\/\/dishekimiguraypala.com\/index.php\/wp-json\/wp\/v2\/comments?post=407"}],"version-history":[{"count":0,"href":"https:\/\/dishekimiguraypala.com\/index.php\/wp-json\/wp\/v2\/pages\/407\/revisions"}],"wp:attachment":[{"href":"https:\/\/dishekimiguraypala.com\/index.php\/wp-json\/wp\/v2\/media?parent=407"}],"curies":[{"name":"wp","href":"https:\/\/api.w.org\/{rel}","templated":true}]}}