{"id":404,"date":"2017-10-02T14:26:08","date_gmt":"2017-10-02T14:26:08","guid":{"rendered":"http:\/\/www.dishekimiguraypala.com\/?page_id=404"},"modified":"2017-10-02T14:26:08","modified_gmt":"2017-10-02T14:26:08","slug":"ortodonti","status":"publish","type":"page","link":"https:\/\/dishekimiguraypala.com\/index.php\/ortodonti\/","title":{"rendered":"Ortodonti"},"content":{"rendered":"<p>[vc_row type=&#8221;container&#8221; padding_top=&#8221;&#8221; padding_bottom=&#8221;&#8221;][vc_column width=&#8221;2\/3&#8243;][vc_column_text]<\/p>\n<div align=\"justify\">\n<strong><span style=\"color: #004586;\">Ortodontik Tedavi<\/span><\/strong><br \/>\n<strong><span style=\"color: #ff950e;\">Ortodontik Problemler Nas\u0131l Olu\u015fur?<\/span><\/strong><br \/>\nOrtodontik tedaviler kal\u0131t\u0131msal olarak ge\u00e7ebilece\u011fi gibi sonradan da olu\u015fabilir.<br \/>\nParmak emme, emzik emme, yanl\u0131\u015f yutkunma gibi k\u00f6t\u00fc al\u0131\u015fkanl\u0131klar sonucu \u00e7ene ve di\u015flerde meydana gelen de\u011fi\u015fiklikler,<br \/>\n\u00c7\u00fcr\u00fck nedeni ile erken ya\u015fta s\u00fct di\u015flerinin \u00e7ekimi, yanl\u0131\u015f di\u015fin \u00e7ekimi gibi istenilmeyen sebepler,<br \/>\nGenizeti sonucu a\u011f\u0131zdan nefes almaya ba\u011fl\u0131 olarak \u00fcst dama\u011f\u0131n daralmas\u0131 ve \u00f6ne do\u011fru geli\u015fmesi.<br \/>\nGibi nedenler sonradan ortodontik bozukluklara yol a\u00e7abilir.<br \/>\n<strong><span style=\"color: #ff950e;\">Neden Ortodontik Tedavi<\/span><\/strong><br \/>\nToplumumuzda insanlar ortodonti uzman\u0131na s\u0131kl\u0131kla estetik kayg\u0131larla ba\u015fvururlar. Oysaki ortodonti tedavilerin esteti\u011fin sa\u011flanmas\u0131n\u0131n d\u0131\u015f\u0131nda bir\u00e7ok yararl\u0131 etkisi bulunmaktad\u0131r.<br \/>\n\u00c7apra\u015f\u0131k di\u015flerin yaratt\u0131\u011f\u0131 en b\u00fcy\u00fck problemlerin ba\u015f\u0131nda temizleme zorlu\u011fu gelmektedir. Temizli\u011fin zor oldu\u011fu a\u011f\u0131zlarda \u00e7\u00fcr\u00fc\u011fe ve di\u015f eti hastal\u0131klar\u0131na yakalanma olas\u0131l\u0131\u011f\u0131 \u00e7ok artmaktad\u0131r.<br \/>\nA\u011f\u0131z solunumu ve parmak emme gibi k\u00f6t\u00fc al\u0131\u015fkanl\u0131\u011f\u0131 olan \u00e7ocuklarda \u00fcst ve alt keser di\u015fleri aras\u0131nda bir bo\u015fluk olu\u015fur. Buna \u00f6n a\u00e7\u0131k kapan\u0131\u015f denir. \u00d6n a\u00e7\u0131k kapan\u0131\u015f\u0131 olan \u00e7ocuklarda uyku s\u0131ras\u0131nda a\u011f\u0131z a\u00e7\u0131k kal\u0131r ve t\u00fck\u00fcr\u00fck buharla\u015f\u0131r bunun sonucunda a\u011f\u0131z kurulu\u011fu ve buna ba\u011fl\u0131 \u00e7\u00fcr\u00fckler olu\u015fur.<br \/>\n\u00d6n a\u00e7\u0131k kapan\u0131\u015f\u0131 olan \u00e7ocuklarda konu\u015fmada baz\u0131 sesler do\u011fru \u00e7\u0131kmayabilir. Ortodontik tedavi fonasyonun d\u00fczelmesinde olumlu katk\u0131 sa\u011flayabilir.<br \/>\nDi\u015fler d\u00fczg\u00fcn kapanmad\u0131\u011f\u0131 durumlarda di\u015flerin \u00fcst y\u00fczeylerinde erozyona benzer a\u015f\u0131nmalar g\u00f6r\u00fclebilir.<br \/>\nKapan\u0131\u015f bozukluklar\u0131nda \u00e7i\u011fneme kuvveti di\u015flerde d\u00fczg\u00fcn ve e\u015fit olarak da\u011f\u0131lmayabilir. Bunun sonucunda \u00e7ene eklemi problemleri (Temporo Mandibular Eklem Rahats\u0131zl\u0131klar\u0131) ba\u015f g\u00f6sterebilir. Bu gibi durumlarda ortodontik tedavi bu problemi %100 \u00e7\u00f6zmeyebilir fakat mutlaka kapan\u0131\u015f d\u00fczeltildi\u011finde \u00e7ene eklemlerinde olumlu katk\u0131s\u0131 olacakt\u0131r. Baz\u0131 durumlarda \u00e7ene eklemi uzmanlar\u0131 ile ortodontist beraber \u00e7al\u0131\u015fabilir.<br \/>\n&nbsp;<br \/>\n<strong><span style=\"color: #ff950e;\">Tedavide Do\u011fru Zaman<\/span><\/strong><br \/>\n&nbsp;<br \/>\nHi\u00e7bir sorun g\u00f6z\u00fckmeyen \u00e7ocuklar\u0131n\u0131z\u0131 bile 6-7 ya\u015flar\u0131 aras\u0131nda mutlaka ortodontiste g\u00f6t\u00fcr\u00fcn. Bu farketmedi\u011finiz veya sonradan olu\u015fabilecek sorunlar\u0131n tespiti i\u00e7in \u00e7ok \u00f6nemlidir.<br \/>\nBunun d\u0131\u015f\u0131nda;<br \/>\nA\u011f\u0131zdan nefes alan veya geniz eti problemi olan<br \/>\nUzun s\u00fcre emzik kullanan<br \/>\nParmak emme al\u0131\u015fkanl\u0131\u011f\u0131 olan<br \/>\nDudak-damak yar\u0131\u011f\u0131 olan<br \/>\nKal\u0131c\u0131 di\u015flerinde eksikli\u011fi olan veya \u00e7enesine sert bir darbe alm\u0131\u015f olan<br \/>\nAilesinde genetik olarak alt veya \u00fcst \u00e7enesi \u00e7ok ileride\/\u00f6nde olan<br \/>\nHerhangi bir nedenden \u00f6t\u00fcr\u00fc erken s\u00fct di\u015fi \u00e7ekimi yap\u0131lan<br \/>\nDi\u015flerde \u00e7apra\u015f\u0131kl\u0131k oldu\u011fu d\u00fc\u015f\u00fcn\u00fclen her \u00e7ocuk mutlaka ortodonti uzman\u0131na muayene olmal\u0131d\u0131r.<br \/>\n&nbsp;<br \/>\n<strong><span style=\"color: #004586;\">Tedavide Ya\u015f Fakt\u00f6r\u00fc<\/span><\/strong><br \/>\n<strong><span style=\"color: #ff950e;\">Ortodontik Tedavilerde Ya\u015f Neden \u00d6nemlidir<\/span><\/strong><br \/>\nOrtodontik problemler di\u015fsel (\u00e7apra\u015f\u0131kl\u0131k, yat\u0131k di\u015fler, aral\u0131k di\u015fler, d\u00f6n\u00fck di\u015fler vs) ve iskeletsel (\u00fcst \u00e7enenin veya alt \u00e7enenin \u00f6nde olmas\u0131, \u00f6n a\u00e7\u0131k kapan\u0131\u015f gibi) olarak ikiye ayr\u0131l\u0131r.<br \/>\nKi\u015filerde sadece di\u015fsel veya iskeletsel\u00a0problemler tek ba\u015f\u0131na g\u00f6r\u00fclebildi\u011fi gibi ikisi birlikte de g\u00f6r\u00fclebilir.\u00a0Di\u015fsel problemlerin tedavisinde (iskeletsel problem olmadan) ya\u015f s\u0131n\u0131rlamas\u0131 yoktur. Yani birey 65 ya\u015f\u0131nda olsa dahi a\u011f\u0131zda sa\u011fl\u0131kl\u0131 kemik ve yeterli miktarda di\u015f varsa ortodontik tedavi yap\u0131labilir.<br \/>\n\u0130skeletsel problemlerin tedavisinde ise ya\u015f \u00f6nemli bir kriterdir. \u00d6rnek vermek gerekirse; b\u00fcy\u00fcme geli\u015fme \u00e7a\u011f\u0131nda (11-15 ya\u015f) ve alt \u00e7enesi geride olan bir \u00e7ocu\u011fun alt \u00e7enesi ortodontik ayg\u0131tlarla ileri al\u0131nabilir. Bu tedavi, \u00e7ocu\u011fun iskeletsel b\u00fcy\u00fcme potansiyeli kullan\u0131larak yap\u0131l\u0131r. Erkeklerde b\u00fcy\u00fcme geli\u015fim 17, k\u0131zlarda ise bu 16 ya\u015f civar\u0131nda sona erer. \u0130skeletsel problemlerin tedavisi i\u00e7in en uygun d\u00f6nem iskelet sisteminin h\u0131zla geli\u015fti\u011fi 10-15 ya\u015flar aras\u0131d\u0131r. Bu d\u00f6nemde iskeletsel tedaviler ortodontistler taraf\u0131ndan kolayca tedavi edilebilir.<br \/>\nB\u00fcy\u00fcme geli\u015fimin sona erdi\u011fi ya\u015flarda ise bu tedavi ancak plastik cerrahlar ve ortodontistlerin y\u00fcr\u00fctece\u011fi kombine bir tedavi ile yap\u0131labilir. Bu tedavi tabii ki \u00e7ok daha uzun ve zahmetli bir tedavidir.<br \/>\n\u00d6zetlemek gerekirse; ortodontik tedavi her ya\u015fta yap\u0131labilir. Ya\u015f, tedavi plan\u0131n de\u011fi\u015ftiren bir fakt\u00f6rd\u00fcr. Her ya\u015fta d\u00fczg\u00fcn di\u015flere sahip olabilirsiniz.<br \/>\n&nbsp;<br \/>\n<strong><span style=\"color: #ff950e;\">Sabit Ortodontik Tedavi Alternatifleri Nelerdir<\/span><\/strong><br \/>\nSabit ortodontik tedaviye alternatif olarak lingualortodontik tedavi (dil taraf\u0131ndan yap\u0131lan) ve invisaling ( \u015feffaf plaklarla tedavi) tedavisi m\u00fcmk\u00fcnd\u00fcr.\n<\/div>\n<p>[\/vc_column_text][\/vc_column][vc_column width=&#8221;1\/3&#8243;][vc_single_image image=&#8221;618&#8243; img_size=&#8221;full&#8221;][\/vc_column][\/vc_row]<\/p>\n","protected":false},"excerpt":{"rendered":"<p>[vc_row type=&#8221;container&#8221; padding_top=&#8221;&#8221; padding_bottom=&#8221;&#8221;][vc_column width=&#8221;2\/3&#8243;][vc_column_text] Ortodontik Tedavi Ortodontik Problemler Nas\u0131l Olu\u015fur? Ortodontik tedaviler kal\u0131t\u0131msal olarak ge\u00e7ebilece\u011fi gibi sonradan da olu\u015fabilir. Parmak emme, emzik emme, yanl\u0131\u015f yutkunma gibi k\u00f6t\u00fc al\u0131\u015fkanl\u0131klar sonucu \u00e7ene ve di\u015flerde meydana gelen de\u011fi\u015fiklikler, \u00c7\u00fcr\u00fck nedeni ile erken ya\u015fta s\u00fct di\u015flerinin \u00e7ekimi, yanl\u0131\u015f di\u015fin \u00e7ekimi gibi istenilmeyen sebepler, Genizeti sonucu a\u011f\u0131zdan nefes almaya [&hellip;]<\/p>\n","protected":false},"author":1,"featured_media":0,"parent":0,"menu_order":0,"comment_status":"closed","ping_status":"closed","template":"","meta":{"footnotes":""},"class_list":["post-404","page","type-page","status-publish","hentry"],"_links":{"self":[{"href":"https:\/\/dishekimiguraypala.com\/index.php\/wp-json\/wp\/v2\/pages\/404","targetHints":{"allow":["GET"]}}],"collection":[{"href":"https:\/\/dishekimiguraypala.com\/index.php\/wp-json\/wp\/v2\/pages"}],"about":[{"href":"https:\/\/dishekimiguraypala.com\/index.php\/wp-json\/wp\/v2\/types\/page"}],"author":[{"embeddable":true,"href":"https:\/\/dishekimiguraypala.com\/index.php\/wp-json\/wp\/v2\/users\/1"}],"replies":[{"embeddable":true,"href":"https:\/\/dishekimiguraypala.com\/index.php\/wp-json\/wp\/v2\/comments?post=404"}],"version-history":[{"count":0,"href":"https:\/\/dishekimiguraypala.com\/index.php\/wp-json\/wp\/v2\/pages\/404\/revisions"}],"wp:attachment":[{"href":"https:\/\/dishekimiguraypala.com\/index.php\/wp-json\/wp\/v2\/media?parent=404"}],"curies":[{"name":"wp","href":"https:\/\/api.w.org\/{rel}","templated":true}]}}