{"id":401,"date":"2017-10-02T14:22:50","date_gmt":"2017-10-02T14:22:50","guid":{"rendered":"http:\/\/www.dishekimiguraypala.com\/?page_id=401"},"modified":"2017-10-02T14:22:50","modified_gmt":"2017-10-02T14:22:50","slug":"dis-beyazlatma","status":"publish","type":"page","link":"https:\/\/dishekimiguraypala.com\/index.php\/dis-beyazlatma\/","title":{"rendered":"Di\u015f Beyazlatma"},"content":{"rendered":"<p>[vc_row type=&#8221;container&#8221; padding_top=&#8221;&#8221; padding_bottom=&#8221;&#8221;][vc_column width=&#8221;2\/3&#8243;][vc_column_text]<\/p>\n<div align=\"justify\">\n<strong><span style=\"color: #004586;\">Di\u015f Beyazlatma<\/span><\/strong><br \/>\n<strong><span style=\"color: #ff950e;\">Ka\u00e7 \u00e7e\u015fit di\u015f beyazlatma y\u00f6ntemi vard\u0131r?<\/span><\/strong><br \/>\nDi\u015fleri beyazlatmak i\u00e7in 4 farkl\u0131 y\u00f6ntem bulunmaktad\u0131r.<br \/>\n1)Ev tipi di\u015f beyazlatma<br \/>\n2)Ofis Tipi (klinik ortam\u0131nda ) di\u015f beyazlatma<br \/>\n3)Tek di\u015f beyazlatma (di\u015fin i\u00e7ini beyazlatma)<br \/>\n4)Kombine di\u015f beyazlatma (Hem ev, hem ofis beyazlatma)<br \/>\n<strong><span style=\"color: #ff950e;\">En etkili di\u015f beyazlatma y\u00f6ntemi hangisidir?<\/span><\/strong><br \/>\nEn etkili di\u015f beyazlatma y\u00f6ntemi kombine beyazlatmad\u0131r.<br \/>\n&nbsp;<br \/>\n<strong><span style=\"color: #ff950e;\">Ev tipi di\u015f beyazlatma y\u00f6ntemi nas\u0131l uygulan\u0131r?<\/span><\/strong><br \/>\nA\u011f\u0131z i\u00e7inden \u00f6l\u00e7\u00fc al\u0131narak ki\u015fiye \u00f6zel beyazlatma plaklar\u0131 haz\u0131rlan\u0131r. Haz\u0131rlanan bu pla\u011f\u0131n i\u00e7ine belirli miktarlarda beyazlatma jeli ( % 10\u201315 \u2018lik karbamid peroksid) uygulan\u0131r.<br \/>\n<strong><span style=\"color: #ff950e;\">Ev tipi di\u015f beyazlatma ne kadar s\u00fcrer?<\/span><\/strong><br \/>\nPlak g\u00fcn i\u00e7inde en az 4-6 saat kullan\u0131lacak \u015fekilde ortalama 10-15 g\u00fcn s\u00fcren bir tedavidir.<br \/>\n<strong><span style=\"color: #ff950e;\">Plak i\u00e7ine ne kadar jel koymam gerekir?<\/span><\/strong><br \/>\nEv tipi di\u015f beyazlatmalar\u0131nda dikkat edilmesi gereken husus jeli fazla uygulamamakt\u0131r aksi takdirde plak i\u00e7inden ta\u015fan jel di\u015f etlerini tahri\u015f eder.B\u00f6yle bir durumda di\u015f etleri hemen y\u0131kanmal\u0131 ve e vitamini i\u00e7eren bir krem tahri\u015f olan y\u00fczeye uygulanmal\u0131d\u0131r.<br \/>\n&nbsp;<br \/>\n<strong><span style=\"color: #ff950e;\">Ofis tipi di\u015f beyazlatma nedir?<\/span><\/strong><br \/>\nKlinikte uygulanan di\u015f beyazlatma y\u00f6ntemidir. Zaman k\u0131s\u0131tlamas\u0131 olan hastalar i\u00e7in uygun bir y\u00f6ntemdir. \u00c7ok daha k\u0131sa s\u00fcrede etkin bir beyazlama sa\u011flar. Di\u015f hekimi taraf\u0131ndan di\u015flerin \u00fczerine s\u00fcr\u00fclen beyazlatma jeli UV \u0131\u015f\u0131n\u0131 ya da lazer yard\u0131m\u0131yla aktif hale getirilir ve beyazlama ortalama 1 saat s\u00fcrer. Lazerle di\u015f beyazlatma y\u00f6ntemi olarak da bilinir.<br \/>\n&nbsp;<br \/>\n<strong><span style=\"color: #ff950e;\">Kombine tipi beyazlatma nedir?<\/span><\/strong><br \/>\nHem ofis hem de ev tipinin beraber uyguland\u0131\u011f\u0131 di\u015f beyazlatma y\u00f6ntemidir. Ofis veya klinikte uyguland\u0131ktan sonra 2-3 g\u00fcn ev tipi beyazlatma ile i\u015flem desteklenir.<br \/>\n&nbsp;<br \/>\n<strong><span style=\"color: #ff950e;\">Tek di\u015f beyazlatma (i\u00e7ten beyazlatma) nedir?<\/span><\/strong><br \/>\nKanal tedavisi sonras\u0131 renkle\u015fen di\u015flere uygulan\u0131r. Di\u015fteki dolgu s\u00f6k\u00fcl\u00fcr. A\u00e7\u0131lan kaviteye beyazlatma jeli uygulan\u0131r. Sonra di\u015f, ge\u00e7ici dolgu ile s\u0131k\u0131ca kapat\u0131l\u0131r.\u0130stenilen renge ula\u015f\u0131ncaya kadar seanslar tekrarlan\u0131r.<br \/>\n<strong><span style=\"color: #ff950e;\">\u0130\u00e7ten \u00a0beyazlatman\u0131n di\u015fe bir zarar\u0131 var m\u0131d\u0131r?<\/span><\/strong><br \/>\nKanal dolgusunun \u00e7ok iyi izole edilmesi gerekir. \u0130yi izole edilmi\u015fse bir zarar\u0131 yoktur.<br \/>\n<strong><span style=\"color: #ff950e;\">Di\u015f beyazlatman\u0131n zarar\u0131 veya yan etkileri var m\u0131d\u0131r?<\/span><\/strong><br \/>\nCans\u0131z di\u015fler (kanal tedavili) d\u0131\u015f\u0131nda beyazlatma y\u00f6ntemleri di\u015fler de az da olsa hassasiyete sebep olabilir. Bu di\u015f hassasiyeti; havaya, \u00e7ok s\u0131cak-so\u011fuk yiyecek ve i\u00e7eceklere kar\u015f\u0131 olabilir. Bu durum normal ve beklenen bir yan etkidir. Di\u015f hassasiyetinin genellikle 24-48 saat i\u00e7erisinde ge\u00e7mesi beklenir. Beklenmeyen bir durum ile kar\u015f\u0131la\u015f\u0131ld\u0131\u011f\u0131nda mutlaka hekime ba\u015fvurulmal\u0131d\u0131r.<br \/>\n<strong><span style=\"color: #ff950e;\">Di\u015fler Neden Renkle\u015fir?<\/span><\/strong><br \/>\nDi\u015flerdeki renkle\u015fmenin birden \u00e7ok nedeni vard\u0131r. Bunlar ya\u015fl\u0131l\u0131k, di\u015fleri boyayan maddelerin (kahve, \u00e7ay, kola, sigara vb.) t\u00fcketimi, travmalar, kaplamalar, renkle\u015fmi\u015f eski dolgulard\u0131r. Ayr\u0131ca \u00e7ocukluk ya da hamilelikte annenin kulland\u0131\u011f\u0131 antibiyotik (tetracycline) veya a\u015f\u0131r\u0131 florit t\u00fcketimi de di\u015flerde renklenmelere yol a\u00e7abilir.<br \/>\n<strong><span style=\"color: #ff950e;\">Di\u015f Beyazlatma \u0130\u015flemi Kimlere Uygulanabilir?<\/span><\/strong><br \/>\nDi\u015f\u00a0beyazlatma i\u015flemi hemen hemen herkese uygulanabilir ama tedavinin etkili olmayaca\u011f\u0131\u00a0baz\u0131\u00a0durumlar vard\u0131r. Bunu di\u015f hekiminizin yapaca\u011f\u0131\u00a0a\u011f\u0131z i\u00e7i kontrol\u00fc belirleyecektir. Herhangi bir problem yoksa ve di\u015flerinizin rengi d\u0131\u015f\u0131nda yap\u0131s\u0131ndan memnunsan\u0131z di\u015f\u00a0beyazlatma sizin i\u00e7in ideal bir tedavi olabilir.<br \/>\n<strong><span style=\"color: #ff950e;\">Di\u015f Beyazlatma \u0130\u015flemi Zor ve Zahmetli Bir Tedavi midir?<\/span><\/strong><br \/>\nHay\u0131r aksine a\u011f\u0131z ve di\u015f\u00a0sa\u011fl\u0131\u011f\u0131ndaki geli\u015fmeler sayesinde son derece k\u0131sa bir s\u00fcrede agr\u0131s\u0131z s\u0131z\u0131s\u0131z beyaz bir g\u00fcl\u00fc\u015fe sahip olman\u0131z\u0131\u00a0sa\u011flamaktad\u0131r.<br \/>\n<strong><span style=\"color: #ff950e;\">Di\u015f Beyazlatma \u0130\u015flemi G\u00fcvenli Bir \u0130\u015flem midir?<\/span><\/strong><br \/>\nEvet! Di\u015f\u00a0beyazlatma i\u015flemi di\u015f\u00a0hekimi kontrol\u00fcnde yap\u0131ld\u0131\u011f\u0131\u00a0s\u00fcrece son derece etkili ve g\u00fcvenli bir tedavi \u015feklidir. Tedavi s\u0131ras\u0131nda di\u015fler ve di\u015fetleri zarar g\u00f6rmezler.<br \/>\n<strong><span style=\"color: #ff950e;\">Di\u015fin renklenme sebepleri nelerdir?<\/span><\/strong><br \/>\nHayat boyu devam eden fizyolojik renklenme,<br \/>\nAmalgam dolgu yap\u0131ld\u0131ktan sonra olu\u015fan renklenme,<br \/>\nBebeklik d\u00f6neminde antibiyotik kullan\u0131m\u0131,<br \/>\nKanal tedavisine ba\u011fl\u0131 olarak di\u015fin i\u00e7inden gelen renk de\u011fi\u015fikli\u011fi,<br \/>\nKahve, \u00e7ay, t\u00fct\u00fcn, k\u0131rm\u0131z\u0131 \u015farap ve uzun s\u00fcre a\u011f\u0131z gargaralar\u0131n\u0131n kullan\u0131m\u0131na ba\u011fl\u0131 olarak di\u015fin y\u00fczeyinin renklenmesi,<br \/>\nTravma sonucu di\u015fin i\u00e7indeki canl\u0131 dokunun \u00f6lmesiyle di\u015fin i\u00e7indeki kanamaya ba\u011fl\u0131 olarak olu\u015fan renklenme.<br \/>\n&nbsp;<br \/>\n<strong><span style=\"color: #ff950e;\">Di\u015fler nas\u0131l beyazlar?<\/span><\/strong><br \/>\nDi\u015f beyazlatma, di\u015flerin y\u00fczeyindeki g\u00f6zenekli mine yap\u0131s\u0131nda olu\u015fan renkli organik ve inorganik maddelerin di\u015f beyazlatma jelleri (karbemid peroksit) ile giderilmesi i\u015flemidir.<br \/>\n&nbsp;<br \/>\n<strong><span style=\"color: #ff950e;\">Di\u015flerin beyazlamas\u0131 ne kadar s\u00fcrer?<\/span><\/strong><br \/>\nDi\u015flerin beyazlamas\u0131 ki\u015fiden ki\u015fiye g\u00f6re de\u011fi\u015fiklik g\u00f6stermektedir. Ortalama beyazlama s\u00fcresi 2-3 haftadad\u0131r. Di\u015flerde sar\u0131la\u015fma grile\u015fmeden ne kadar \u00e7ok ise beyazlatma o kadar etkili olabilmektedir. Antibiyotik kullan\u0131m\u0131na ba\u011fl\u0131 olu\u015fan grile\u015fmelerin beyazlamas\u0131 daha zordur ve sonuca ula\u015fmak daha uzun bir s\u00fcre gerektirebilir.<br \/>\n&nbsp;<br \/>\n<strong><span style=\"color: #ff950e;\">Beyazlatma pla\u011f\u0131n\u0131 temizlemem gerekir mi?<\/span><\/strong><br \/>\nEvet gerekir. Plaklar kullan\u0131ld\u0131ktan sonra s\u0131v\u0131 sabun ile y\u0131kan\u0131r ve iyice durulan\u0131r.Kurudu\u011funa emin olduktan sonra size verdi\u011fimiz kutuda muhafaza etmelisiniz.<br \/>\n&nbsp;<br \/>\n<strong><span style=\"color: #ff950e;\">Di\u015f beyazlatman\u0131n etkisi kal\u0131c\u0131 m\u0131d\u0131r?<\/span><\/strong><br \/>\nBeyazlatma sonras\u0131nda renk zamanla kaybolmaya ba\u015flar. Bu s\u00fcre hastan\u0131n renkli s\u0131v\u0131lar (\u00e7ay, kahve, \u015farap, kola ) ve sigara kullan\u0131m\u0131na g\u00f6re de\u011fi\u015fir 6 ay ile 1 y\u0131l aras\u0131 bir zaman al\u0131r. 4-6 ayda bir 1 ya da 2 seans ile desteklenirse di\u015f beyazlatma kal\u0131c\u0131 hale getirilir.<br \/>\n&nbsp;<br \/>\n<strong><span style=\"color: #ff950e;\">Di\u015flerimi beyazlat\u0131rken dikkat etmem gereken hususlar nelerdir?<\/span><\/strong><br \/>\nBeyazlatma s\u00fcresince \u00e7ay, kahve, \u015farap, kola gibi renkli s\u0131v\u0131lar, t\u00fct\u00fcn mamullerinden kesinlikle uzak durulmas\u0131 gerekir.Kullan\u0131lmas\u0131 durumunda i\u015flem ters reaksiyon g\u00f6sterir ve di\u015fler renklenir.<br \/>\n&nbsp;<br \/>\n<strong><span style=\"color: #ff950e;\">Beyazlatma di\u015flerime zarar verir mi?<\/span><\/strong><br \/>\nBeyazlatma di\u015flerime zarar verir mi?<br \/>\nDi\u015f hekimi kontrol\u00fcnde yap\u0131lan beyazlatman\u0131n di\u015flere hi\u00e7bir zarar\u0131 yoktur. Aksi takdirde bu uygulamay\u0131 hem kendimize hem sevdiklerimize yapmazd\u0131k.<br \/>\n<strong><span style=\"color: #ff950e;\">Lazerle di\u015f beyazlatma nedir?<\/span><\/strong><br \/>\nLazerle di\u015f beyazlatma y\u00f6ntemi mine y\u00fczeylerine uygulanan beyazlatma ilac\u0131n\u0131n aktivasyonunu sa\u011flamak ve s\u00fcreyi k\u0131saltmak i\u00e7in kullan\u0131lmaktad\u0131r.\n<\/div>\n<p>[\/vc_column_text][\/vc_column][vc_column width=&#8221;1\/3&#8243;][vc_single_image image=&#8221;623&#8243; img_size=&#8221;full&#8221;][\/vc_column][\/vc_row]<\/p>\n","protected":false},"excerpt":{"rendered":"<p>[vc_row type=&#8221;container&#8221; padding_top=&#8221;&#8221; padding_bottom=&#8221;&#8221;][vc_column width=&#8221;2\/3&#8243;][vc_column_text] Di\u015f Beyazlatma Ka\u00e7 \u00e7e\u015fit di\u015f beyazlatma y\u00f6ntemi vard\u0131r? Di\u015fleri beyazlatmak i\u00e7in 4 farkl\u0131 y\u00f6ntem bulunmaktad\u0131r. 1)Ev tipi di\u015f beyazlatma 2)Ofis Tipi (klinik ortam\u0131nda ) di\u015f beyazlatma 3)Tek di\u015f beyazlatma (di\u015fin i\u00e7ini beyazlatma) 4)Kombine di\u015f beyazlatma (Hem ev, hem ofis beyazlatma) En etkili di\u015f beyazlatma y\u00f6ntemi hangisidir? En etkili di\u015f beyazlatma [&hellip;]<\/p>\n","protected":false},"author":1,"featured_media":0,"parent":0,"menu_order":0,"comment_status":"closed","ping_status":"closed","template":"","meta":{"footnotes":""},"class_list":["post-401","page","type-page","status-publish","hentry"],"_links":{"self":[{"href":"https:\/\/dishekimiguraypala.com\/index.php\/wp-json\/wp\/v2\/pages\/401","targetHints":{"allow":["GET"]}}],"collection":[{"href":"https:\/\/dishekimiguraypala.com\/index.php\/wp-json\/wp\/v2\/pages"}],"about":[{"href":"https:\/\/dishekimiguraypala.com\/index.php\/wp-json\/wp\/v2\/types\/page"}],"author":[{"embeddable":true,"href":"https:\/\/dishekimiguraypala.com\/index.php\/wp-json\/wp\/v2\/users\/1"}],"replies":[{"embeddable":true,"href":"https:\/\/dishekimiguraypala.com\/index.php\/wp-json\/wp\/v2\/comments?post=401"}],"version-history":[{"count":0,"href":"https:\/\/dishekimiguraypala.com\/index.php\/wp-json\/wp\/v2\/pages\/401\/revisions"}],"wp:attachment":[{"href":"https:\/\/dishekimiguraypala.com\/index.php\/wp-json\/wp\/v2\/media?parent=401"}],"curies":[{"name":"wp","href":"https:\/\/api.w.org\/{rel}","templated":true}]}}