{"id":376,"date":"2016-09-29T10:02:22","date_gmt":"2016-09-29T10:02:22","guid":{"rendered":"http:\/\/plethorathemes.com\/healthflex\/dentist\/?page_id=156"},"modified":"2016-09-29T10:02:22","modified_gmt":"2016-09-29T10:02:22","slug":"klinik","status":"publish","type":"page","link":"https:\/\/dishekimiguraypala.com\/index.php\/klinik\/","title":{"rendered":"Klinik"},"content":{"rendered":"<p>[vc_row color_set=&#8221;light_section&#8221; full_width=&#8221;0&#8243; full_height=&#8221;0&#8243; row_padding=&#8221;no_padding&#8221; sep_bottom=&#8221;separator_bottom sep_angled_positive_bottom&#8221; particles=&#8221;0&#8243; el_id=&#8221;facilities&#8221;][vc_column align=&#8221;text-center&#8221;][vc_empty_space height=&#8221;64px&#8221;][\/vc_column][vc_column margin=&#8221;margin_bottom_grid&#8221; offset=&#8221;vc_col-md-6&#8243;]<div class=\"pl_fixed_ratio_media   vc_custom_1507668184414\">\n\n<\/div>[\/vc_column][vc_column offset=&#8221;vc_col-md-6&#8243;][vc_column_text]\u0130zmir Gaziemir il\u00e7esindeki en son teknolojiye sahip di\u015f muayenemiz&#8217;de<br \/>\nDental \u0130mplant, G\u00fcl\u00fc\u015f Tasar\u0131m\u0131, Beyazlatma, Zirkonyum Porselen, Empress Kron, Tam Seramik uygulamalar, Kompozit Lamina, Bonding, Estetik Dolgu, Periodontal Cerrahi, G\u00f6m\u00fck 20 Ya\u015f Ameliyat\u0131, Kist Operasyonlar\u0131, Sin\u00fcs Lifting, Blok greft uygulamlar\u0131, Ba\u011f dokusu nakli, Serbest Di\u015f Eti Grefti gibi operasyonlar ger\u00e7ekle\u015ftirilmektedir.<br \/>\nUzman doktor ve bak\u0131m veren klinik personel ola\u011fan\u00fcst\u00fc bir sa\u011fl\u0131k hizmeti deneyimi sunmaktad\u0131r.[\/vc_column_text][\/vc_column][vc_column][vc_empty_space][vc_text_separator title=&#8221;KL\u0130G\u0130N\u0130ZM\u0130Z&#8221;][vc_empty_space][\/vc_column][vc_column width=&#8221;1\/2&#8243;][vc_media_grid gap=&#8221;10&#8243; item=&#8221;231&#8243; grid_id=&#8221;vc_gid:1519741511239-018f4efb-258f-9&#8243; include=&#8221;564,565,567,592,594,596&#8243;][\/vc_column][vc_column width=&#8221;1\/2&#8243;][vc_column_text]G\u00fcray Pala Muayenesinde , di\u015f hekimli\u011fi alan\u0131nda mevcut olan en \u00fcst d\u00fczey teknolojiyle tam donan\u0131ml\u0131d\u0131r.<br \/>\nTesislerimizde mevcut teknolojilerin bir listesi:<br \/>\n<strong>Dijital r\u00f6ntgen<\/strong><br \/>\nDijital Radyografi radyasyonu% 90 oran\u0131nda azalt\u0131r<br \/>\n<strong>\u0130ntra Oral Kamera<\/strong><br \/>\nDental foto\u011fraf\u00e7\u0131l\u0131\u011f\u0131n en \u00fcst d\u00fczeyi<br \/>\n<strong>Panoromik Film<\/strong><br \/>\nHastan\u0131n detayl\u0131 \u00e7ene filmi[\/vc_column_text][\/vc_column][vc_column]<div class=\"plethora_button wpb_content_element   text-center \">\n    <a href=\"http:\/\/www.dishekimiguraypala.com\/index.php\/iletisim\/\" debug class=\" btn btn-success  \" title=\"\"  target=\"_blank\">\n\n        \n        \u0130LET\u0130\u015e\u0130M B\u0130LG\u0130LER\u0130N\u0130 G\u00d6R\n        \n\n    <\/a>\n<\/div>[\/vc_column][\/vc_row][vc_row full_width=&#8221;0&#8243; full_height=&#8221;0&#8243; row_padding=&#8221;no_bottom_padding&#8221; particles=&#8221;0&#8243;][vc_column offset=&#8221;vc_col-md-6&#8243;][vc_column_text]<iframe loading=\"lazy\" style=\"border: none; overflow: hidden;\" src=\"https:\/\/www.facebook.com\/plugins\/video.php?href=https%3A%2F%2Fwww.facebook.com%2Fizmirdishekimiguraypala%2Fvideos%2F1974967409450274%2F&amp;show_text=0&amp;width=560\" width=\"560\" height=\"308\" frameborder=\"0\" scrolling=\"no\" allowfullscreen=\"allowfullscreen\"><\/iframe>[\/vc_column_text][\/vc_column][\/vc_row]<\/p>\n","protected":false},"excerpt":{"rendered":"<p>[vc_row color_set=&#8221;light_section&#8221; full_width=&#8221;0&#8243; full_height=&#8221;0&#8243; row_padding=&#8221;no_padding&#8221; sep_bottom=&#8221;separator_bottom sep_angled_positive_bottom&#8221; particles=&#8221;0&#8243; el_id=&#8221;facilities&#8221;][vc_column align=&#8221;text-center&#8221;][vc_empty_space height=&#8221;64px&#8221;][\/vc_column][vc_column margin=&#8221;margin_bottom_grid&#8221; offset=&#8221;vc_col-md-6&#8243;][\/vc_column][vc_column offset=&#8221;vc_col-md-6&#8243;][vc_column_text]\u0130zmir Gaziemir il\u00e7esindeki en son teknolojiye sahip di\u015f muayenemiz&#8217;de Dental \u0130mplant, G\u00fcl\u00fc\u015f Tasar\u0131m\u0131, Beyazlatma, Zirkonyum Porselen, Empress Kron, Tam Seramik uygulamalar, Kompozit Lamina, Bonding, Estetik Dolgu, Periodontal Cerrahi, G\u00f6m\u00fck 20 Ya\u015f Ameliyat\u0131, Kist Operasyonlar\u0131, Sin\u00fcs Lifting, Blok greft uygulamlar\u0131, Ba\u011f dokusu nakli, [&hellip;]<\/p>\n","protected":false},"author":1,"featured_media":223,"parent":0,"menu_order":0,"comment_status":"closed","ping_status":"closed","template":"","meta":{"footnotes":""},"class_list":["post-376","page","type-page","status-publish","has-post-thumbnail","hentry"],"_links":{"self":[{"href":"https:\/\/dishekimiguraypala.com\/index.php\/wp-json\/wp\/v2\/pages\/376","targetHints":{"allow":["GET"]}}],"collection":[{"href":"https:\/\/dishekimiguraypala.com\/index.php\/wp-json\/wp\/v2\/pages"}],"about":[{"href":"https:\/\/dishekimiguraypala.com\/index.php\/wp-json\/wp\/v2\/types\/page"}],"author":[{"embeddable":true,"href":"https:\/\/dishekimiguraypala.com\/index.php\/wp-json\/wp\/v2\/users\/1"}],"replies":[{"embeddable":true,"href":"https:\/\/dishekimiguraypala.com\/index.php\/wp-json\/wp\/v2\/comments?post=376"}],"version-history":[{"count":0,"href":"https:\/\/dishekimiguraypala.com\/index.php\/wp-json\/wp\/v2\/pages\/376\/revisions"}],"wp:featuredmedia":[{"embeddable":true,"href":"https:\/\/dishekimiguraypala.com\/index.php\/wp-json\/wp\/v2\/media\/223"}],"wp:attachment":[{"href":"https:\/\/dishekimiguraypala.com\/index.php\/wp-json\/wp\/v2\/media?parent=376"}],"curies":[{"name":"wp","href":"https:\/\/api.w.org\/{rel}","templated":true}]}}