{"id":375,"date":"2016-09-28T00:58:54","date_gmt":"2016-09-28T00:58:54","guid":{"rendered":"http:\/\/plethorathemes.com\/healthflex\/dentist\/?page_id=125"},"modified":"2016-09-28T00:58:54","modified_gmt":"2016-09-28T00:58:54","slug":"hizmetlerimiz","status":"publish","type":"page","link":"https:\/\/dishekimiguraypala.com\/index.php\/hizmetlerimiz\/","title":{"rendered":"Hizmetlerimiz"},"content":{"rendered":"<p>[vc_row full_width=&#8221;0&#8243; full_height=&#8221;0&#8243; row_padding=&#8221;no_padding&#8221; particles=&#8221;0&#8243;][vc_column][vc_text_separator title=&#8221;T\u00fcm Hizmetler&#8221;][\/vc_column][\/vc_row][vc_row full_width=&#8221;0&#8243; full_height=&#8221;0&#8243; row_padding=&#8221;no_top_padding&#8221; particles=&#8221;0&#8243;][vc_column width=&#8221;1\/3&#8243;]<!-- ========================== TEASER BOX ==========================-->\n<div class=\"teaser_box wpb_content_element text-center  skincolored_section    with_button    \">\n\n\n\n      <a href=\"http:\/\/www.dishekimiguraypala.com\/index.php\/dijital-anestezi\/\" debug title=\"\" target=\"\"> \n\n        \n\n    <\/a>\n\n\n\n\n  <div class=\"content text-center boxed_special  with_button \">\n    \n    <div class=\"hgroup\">\n       <h4 class=\"neutralize_links\">\n       D\u0130J\u0130TAL ANESTEZ\u0130\n       <\/h4>\n      \n    <\/div>\n\n    \n\n    <div class=\"link centered\">\n        <a href=\"http:\/\/www.dishekimiguraypala.com\/index.php\/dijital-anestezi\/\"  target=\"\" class=\"btn btn-xs btn-primary\"><strong>Daha fazlas\u0131<\/strong><\/a>\n    <\/div>\n\n  <\/div>\n\n<\/div>\n\n<!-- END======================= TEASER BOX ==========================-->[\/vc_column][vc_column width=&#8221;1\/3&#8243;]<!-- ========================== TEASER BOX ==========================-->\n<div class=\"teaser_box wpb_content_element text-center  skincolored_section    with_button    \">\n\n\n\n      <a href=\"http:\/\/www.dishekimiguraypala.com\/index.php\/dis-beyazlatma\/\" debug title=\"\" target=\"\"> \n\n        \n\n    <\/a>\n\n\n\n\n  <div class=\"content text-center boxed_special  with_button \">\n    \n    <div class=\"hgroup\">\n       <h4 class=\"neutralize_links\">\n       D\u0130\u015e BEYAZLATMA\n       <\/h4>\n      \n    <\/div>\n\n    \n\n    <div class=\"link centered\">\n        <a href=\"http:\/\/www.dishekimiguraypala.com\/index.php\/dis-beyazlatma\/\"  target=\"\" class=\"btn btn-xs btn-primary\"><strong>Daha fazlas\u0131<\/strong><\/a>\n    <\/div>\n\n  <\/div>\n\n<\/div>\n\n<!-- END======================= TEASER BOX ==========================-->[\/vc_column][vc_column width=&#8221;1\/3&#8243;]<!-- ========================== TEASER BOX ==========================-->\n<div class=\"teaser_box wpb_content_element text-center  skincolored_section    with_button    \">\n\n\n\n      <a href=\"http:\/\/www.dishekimiguraypala.com\/index.php\/ortodonti\/\" debug title=\"\" target=\"\"> \n\n        \n\n    <\/a>\n\n\n\n\n  <div class=\"content text-center boxed_special  with_button \">\n    \n    <div class=\"hgroup\">\n       <h4 class=\"neutralize_links\">\n       ORTODONT\u0130\n       <\/h4>\n      \n    <\/div>\n\n    \n\n    <div class=\"link centered\">\n        <a href=\"http:\/\/www.dishekimiguraypala.com\/index.php\/ortodonti\/\"  target=\"\" class=\"btn btn-xs btn-primary\"><strong>Daha fazlas\u0131<\/strong><\/a>\n    <\/div>\n\n  <\/div>\n\n<\/div>\n\n<!-- END======================= TEASER BOX ==========================-->[\/vc_column][\/vc_row][vc_row full_width=&#8221;0&#8243; full_height=&#8221;0&#8243; row_padding=&#8221;no_top_padding&#8221; particles=&#8221;0&#8243;][vc_column width=&#8221;1\/3&#8243;]<!-- ========================== TEASER BOX ==========================-->\n<div class=\"teaser_box wpb_content_element text-center  skincolored_section    with_button    \">\n\n\n\n      <a href=\"http:\/\/www.dishekimiguraypala.com\/index.php\/tedavi\/\" debug title=\"\" target=\"\"> \n\n        \n\n    <\/a>\n\n\n\n\n  <div class=\"content text-center boxed_special  with_button \">\n    \n    <div class=\"hgroup\">\n       <h4 class=\"neutralize_links\">\n       TEDAV\u0130\n       <\/h4>\n      \n    <\/div>\n\n    \n\n    <div class=\"link centered\">\n        <a href=\"http:\/\/www.dishekimiguraypala.com\/index.php\/tedavi\/\"  target=\"\" class=\"btn btn-xs btn-primary\"><strong>Daha fazlas\u0131<\/strong><\/a>\n    <\/div>\n\n  <\/div>\n\n<\/div>\n\n<!-- END======================= TEASER BOX ==========================-->[\/vc_column][vc_column width=&#8221;1\/3&#8243;]<!-- ========================== TEASER BOX ==========================-->\n<div class=\"teaser_box wpb_content_element text-center  skincolored_section    with_button    \">\n\n\n\n      <a href=\"http:\/\/www.dishekimiguraypala.com\/index.php\/implant\/\" debug title=\"\" target=\"\"> \n\n        \n\n    <\/a>\n\n\n\n\n  <div class=\"content text-center boxed_special  with_button \">\n    \n    <div class=\"hgroup\">\n       <h4 class=\"neutralize_links\">\n       \u0130MPLANT\n       <\/h4>\n      \n    <\/div>\n\n    \n\n    <div class=\"link centered\">\n        <a href=\"http:\/\/www.dishekimiguraypala.com\/index.php\/implant\/\"  target=\"\" class=\"btn btn-xs btn-primary\"><strong>Daha fazlas\u0131<\/strong><\/a>\n    <\/div>\n\n  <\/div>\n\n<\/div>\n\n<!-- END======================= TEASER BOX ==========================-->[\/vc_column][vc_column width=&#8221;1\/3&#8243;]<!-- ========================== TEASER BOX ==========================-->\n<div class=\"teaser_box wpb_content_element text-center  skincolored_section    with_button    \">\n\n\n\n      <a href=\"http:\/\/www.dishekimiguraypala.com\/index.php\/protez\/\" debug title=\"\" target=\"\"> \n\n        \n\n    <\/a>\n\n\n\n\n  <div class=\"content text-center boxed_special  with_button \">\n    \n    <div class=\"hgroup\">\n       <h4 class=\"neutralize_links\">\n       PROTEZ\n       <\/h4>\n      \n    <\/div>\n\n    \n\n    <div class=\"link centered\">\n        <a href=\"http:\/\/www.dishekimiguraypala.com\/index.php\/protez\/\"  target=\"\" class=\"btn btn-xs btn-primary\"><strong>Daha fazlas\u0131<\/strong><\/a>\n    <\/div>\n\n  <\/div>\n\n<\/div>\n\n<!-- END======================= TEASER BOX ==========================-->[\/vc_column][\/vc_row][vc_row full_width=&#8221;0&#8243; full_height=&#8221;0&#8243; row_padding=&#8221;no_top_padding&#8221; particles=&#8221;0&#8243;][vc_column width=&#8221;1\/3&#8243;]<!-- ========================== TEASER BOX ==========================-->\n<div class=\"teaser_box wpb_content_element text-center  skincolored_section    with_button    \">\n\n\n\n      <a href=\"http:\/\/www.dishekimiguraypala.com\/index.php\/estetik-dis\/\" debug title=\"\" target=\"\"> \n\n        \n\n    <\/a>\n\n\n\n\n  <div class=\"content text-center boxed_special  with_button \">\n    \n    <div class=\"hgroup\">\n       <h4 class=\"neutralize_links\">\n       ESTET\u0130K D\u0130\u015e\n       <\/h4>\n      \n    <\/div>\n\n    \n\n    <div class=\"link centered\">\n        <a href=\"http:\/\/www.dishekimiguraypala.com\/index.php\/estetik-dis\/\"  target=\"\" class=\"btn btn-xs btn-primary\"><strong>Daha fazlas\u0131<\/strong><\/a>\n    <\/div>\n\n  <\/div>\n\n<\/div>\n\n<!-- END======================= TEASER BOX ==========================-->[\/vc_column][vc_column width=&#8221;1\/3&#8243;]<!-- ========================== TEASER BOX ==========================-->\n<div class=\"teaser_box wpb_content_element text-center  skincolored_section    with_button    \">\n\n\n\n      <a href=\"http:\/\/www.dishekimiguraypala.com\/index.php\/kanal-tedavisi\/\" debug title=\"\" target=\"\"> \n\n        \n\n    <\/a>\n\n\n\n\n  <div class=\"content text-center boxed_special  with_button \">\n    \n    <div class=\"hgroup\">\n       <h4 class=\"neutralize_links\">\n       KANAL TEDAV\u0130S\u0130\n       <\/h4>\n      \n    <\/div>\n\n    \n\n    <div class=\"link centered\">\n        <a href=\"http:\/\/www.dishekimiguraypala.com\/index.php\/kanal-tedavisi\/\"  target=\"\" class=\"btn btn-xs btn-primary\"><strong>Daha fazlas\u0131<\/strong><\/a>\n    <\/div>\n\n  <\/div>\n\n<\/div>\n\n<!-- END======================= TEASER BOX ==========================-->[\/vc_column][vc_column width=&#8221;1\/3&#8243;]<!-- ========================== TEASER BOX ==========================-->\n<div class=\"teaser_box wpb_content_element text-center  skincolored_section    with_button    \">\n\n\n\n      <a href=\"http:\/\/www.dishekimiguraypala.com\/index.php\/pedonti\/\" debug title=\"\" target=\"\"> \n\n        \n\n    <\/a>\n\n\n\n\n  <div class=\"content text-center boxed_special  with_button \">\n    \n    <div class=\"hgroup\">\n       <h4 class=\"neutralize_links\">\n       PEDODONT\u0130\n       <\/h4>\n      \n    <\/div>\n\n    \n\n    <div class=\"link centered\">\n        <a href=\"http:\/\/www.dishekimiguraypala.com\/index.php\/pedonti\/\"  target=\"\" class=\"btn btn-xs btn-primary\"><strong>Daha fazlas\u0131<\/strong><\/a>\n    <\/div>\n\n  <\/div>\n\n<\/div>\n\n<!-- END======================= TEASER BOX ==========================-->[\/vc_column][\/vc_row]<\/p>\n","protected":false},"excerpt":{"rendered":"<p>[vc_row full_width=&#8221;0&#8243; full_height=&#8221;0&#8243; row_padding=&#8221;no_padding&#8221; particles=&#8221;0&#8243;][vc_column][vc_text_separator title=&#8221;T\u00fcm Hizmetler&#8221;][\/vc_column][\/vc_row][vc_row full_width=&#8221;0&#8243; full_height=&#8221;0&#8243; row_padding=&#8221;no_top_padding&#8221; particles=&#8221;0&#8243;][vc_column width=&#8221;1\/3&#8243;][\/vc_column][vc_column width=&#8221;1\/3&#8243;][\/vc_column][vc_column width=&#8221;1\/3&#8243;][\/vc_column][\/vc_row][vc_row full_width=&#8221;0&#8243; full_height=&#8221;0&#8243; row_padding=&#8221;no_top_padding&#8221; particles=&#8221;0&#8243;][vc_column width=&#8221;1\/3&#8243;][\/vc_column][vc_column width=&#8221;1\/3&#8243;][\/vc_column][vc_column width=&#8221;1\/3&#8243;][\/vc_column][\/vc_row][vc_row full_width=&#8221;0&#8243; full_height=&#8221;0&#8243; row_padding=&#8221;no_top_padding&#8221; particles=&#8221;0&#8243;][vc_column width=&#8221;1\/3&#8243;][\/vc_column][vc_column width=&#8221;1\/3&#8243;][\/vc_column][vc_column width=&#8221;1\/3&#8243;][\/vc_column][\/vc_row]<\/p>\n","protected":false},"author":1,"featured_media":0,"parent":0,"menu_order":0,"comment_status":"closed","ping_status":"closed","template":"","meta":{"footnotes":""},"class_list":["post-375","page","type-page","status-publish","hentry"],"_links":{"self":[{"href":"https:\/\/dishekimiguraypala.com\/index.php\/wp-json\/wp\/v2\/pages\/375","targetHints":{"allow":["GET"]}}],"collection":[{"href":"https:\/\/dishekimiguraypala.com\/index.php\/wp-json\/wp\/v2\/pages"}],"about":[{"href":"https:\/\/dishekimiguraypala.com\/index.php\/wp-json\/wp\/v2\/types\/page"}],"author":[{"embeddable":true,"href":"https:\/\/dishekimiguraypala.com\/index.php\/wp-json\/wp\/v2\/users\/1"}],"replies":[{"embeddable":true,"href":"https:\/\/dishekimiguraypala.com\/index.php\/wp-json\/wp\/v2\/comments?post=375"}],"version-history":[{"count":0,"href":"https:\/\/dishekimiguraypala.com\/index.php\/wp-json\/wp\/v2\/pages\/375\/revisions"}],"wp:attachment":[{"href":"https:\/\/dishekimiguraypala.com\/index.php\/wp-json\/wp\/v2\/media?parent=375"}],"curies":[{"name":"wp","href":"https:\/\/api.w.org\/{rel}","templated":true}]}}