{"id":370,"date":"2016-09-05T14:03:12","date_gmt":"2016-09-05T14:03:12","guid":{"rendered":"http:\/\/plethorathemes.com\/healthflex\/dentist\/?page_id=30"},"modified":"2016-09-05T14:03:12","modified_gmt":"2016-09-05T14:03:12","slug":"iletisim","status":"publish","type":"page","link":"https:\/\/dishekimiguraypala.com\/index.php\/iletisim\/","title":{"rendered":"\u0130leti\u015fim"},"content":{"rendered":"<p>[vc_row full_width=&#8221;0&#8243; full_height=&#8221;0&#8243; row_padding=&#8221;no_padding&#8221; particles=&#8221;0&#8243;][vc_column width=&#8221;1\/2&#8243; heading_align=&#8221;text-center&#8221; color_set=&#8221;secondary_section&#8221; boxed=&#8221;boxed_plus&#8221; margin=&#8221;margin_bottom_grid&#8221;]\n<div class=\"wpcf7 no-js\" id=\"wpcf7-f11-o1\" lang=\"en-US\" dir=\"ltr\">\n<div class=\"screen-reader-response\"><p role=\"status\" aria-live=\"polite\" aria-atomic=\"true\"><\/p> <ul><\/ul><\/div>\n<form action=\"\/index.php\/wp-json\/wp\/v2\/pages\/370#wpcf7-f11-o1\" method=\"post\" class=\"wpcf7-form init\" aria-label=\"Contact form\" novalidate=\"novalidate\" data-status=\"init\">\n<div style=\"display: none;\">\n<input type=\"hidden\" name=\"_wpcf7\" value=\"11\" \/>\n<input type=\"hidden\" name=\"_wpcf7_version\" value=\"5.9.8\" \/>\n<input type=\"hidden\" name=\"_wpcf7_locale\" value=\"en_US\" \/>\n<input type=\"hidden\" name=\"_wpcf7_unit_tag\" value=\"wpcf7-f11-o1\" \/>\n<input type=\"hidden\" name=\"_wpcf7_container_post\" value=\"0\" \/>\n<input type=\"hidden\" name=\"_wpcf7_posted_data_hash\" value=\"\" \/>\n<\/div>\n<p>\u0130sim Soyisim (gerekli)\n<\/p>\n<p><span class=\"wpcf7-form-control-wrap\" data-name=\"your-name\"><input size=\"40\" maxlength=\"400\" class=\"wpcf7-form-control wpcf7-form-control form-control wpcf7-validates-as-required\" aria-required=\"true\" aria-invalid=\"false\" value=\"\" type=\"text\" name=\"your-name\" \/><\/span>\n<\/p>\n<p>Email (required)\n<\/p>\n<p><span class=\"wpcf7-form-control-wrap\" data-name=\"your-email\"><input size=\"40\" maxlength=\"400\" class=\"wpcf7-form-control wpcf7-form-control form-control wpcf7-validates-as-required wpcf7-form-control form-control wpcf7-validates-as-email\" aria-required=\"true\" aria-invalid=\"false\" value=\"\" type=\"email\" name=\"your-email\" \/><\/span>\n<\/p>\n<p>Konu\n<\/p>\n<p><span class=\"wpcf7-form-control-wrap\" data-name=\"your-subject\"><input size=\"40\" maxlength=\"400\" class=\"wpcf7-form-control wpcf7-form-control form-control\" aria-invalid=\"false\" value=\"\" type=\"text\" name=\"your-subject\" \/><\/span>\n<\/p>\n<p>Mesaj\u0131n\u0131z\n<\/p>\n<p><span class=\"wpcf7-form-control-wrap\" data-name=\"your-message\"><textarea cols=\"40\" rows=\"10\" maxlength=\"2000\" class=\"wpcf7-form-control wpcf7-form-control wpcf7-form-control form-control\" aria-invalid=\"false\" name=\"your-message\"><\/textarea><\/span>\n<\/p>\n<p><input class=\"wpcf7-form-control wpcf7-submit btn btn-primary has-spinner\" type=\"submit\" value=\"G\u00f6nder\" \/>\n<\/p><div class=\"wpcf7-response-output\" aria-hidden=\"true\"><\/div>\n<\/form>\n<\/div>\n[vc_empty_space][\/vc_column][vc_column width=&#8221;1\/2&#8243; heading_align=&#8221;text-center&#8221; boxed=&#8221;boxed_plus&#8221;][vc_single_image image=&#8221;23&#8243; img_size=&#8221;&#8221;][vc_text_separator title=&#8221;\u0130leti\u015fim Bilgileri&#8221; title_align=&#8221;separator_align_left&#8221;][vc_column_text]<\/p>\n<div class=\"wpb_text_column wpb_content_element \">\n<div class=\"wpb_wrapper\">\n&nbsp;<br \/>\n<strong>\u00c7al\u0131\u015fma Saatleri:<\/strong>\u00a0Haftai\u00e7i 09:00 am &#8211; 07:00 pm<br \/>\n<strong><span class=\"_xdb\">\u00a0<\/span><span class=\"_Xbe _ZWk kno-fv\"><span data-dtype=\"d3ph\">(0232) 251 26 01<\/span><\/span><\/strong><br \/>\n<strong><span class=\"_xdb\">\u00a0<\/span><span class=\"_Xbe _ZWk kno-fv\"><span data-dtype=\"d3ph\">(0541) 491 70 40<\/span><\/span><\/strong><br \/>\n<strong>info@dishekimiguraypala.com<\/strong><br \/>\n<strong>Gazi Mahallesi, Refik Cesur Caddesi No:2, Anda\u00e7 Apt. K.1 D.1 Gaziemir\/\u0130zmir, 35410 Gaziemir\/\u0130zmir<\/strong>\n<\/div>\n<\/div>\n<p>[\/vc_column_text][vc_text_separator title=&#8221;Randevu iste\u011fi&#8221; title_align=&#8221;separator_align_left&#8221;][vc_column_text]Randevu almak istiyorsan\u0131z, do\u011frudan Randevu Rezervasyon Sayfas\u0131n\u0131 ziyaret etmeniz tavsiye ederiz.[\/vc_column_text][\/vc_column][\/vc_row]<\/p>\n","protected":false},"excerpt":{"rendered":"<p>[vc_row full_width=&#8221;0&#8243; full_height=&#8221;0&#8243; row_padding=&#8221;no_padding&#8221; particles=&#8221;0&#8243;][vc_column width=&#8221;1\/2&#8243; heading_align=&#8221;text-center&#8221; color_set=&#8221;secondary_section&#8221; boxed=&#8221;boxed_plus&#8221; margin=&#8221;margin_bottom_grid&#8221;][vc_empty_space][\/vc_column][vc_column width=&#8221;1\/2&#8243; heading_align=&#8221;text-center&#8221; boxed=&#8221;boxed_plus&#8221;][vc_single_image image=&#8221;23&#8243; img_size=&#8221;&#8221;][vc_text_separator title=&#8221;\u0130leti\u015fim Bilgileri&#8221; title_align=&#8221;separator_align_left&#8221;][vc_column_text] &nbsp; \u00c7al\u0131\u015fma Saatleri:\u00a0Haftai\u00e7i 09:00 am &#8211; 07:00 pm \u00a0(0232) 251 26 01 \u00a0(0541) 491 70 40 info@dishekimiguraypala.com Gazi Mahallesi, Refik Cesur Caddesi No:2, Anda\u00e7 Apt. K.1 D.1 Gaziemir\/\u0130zmir, 35410 Gaziemir\/\u0130zmir [\/vc_column_text][vc_text_separator title=&#8221;Randevu iste\u011fi&#8221; title_align=&#8221;separator_align_left&#8221;][vc_column_text]Randevu almak istiyorsan\u0131z, do\u011frudan [&hellip;]<\/p>\n","protected":false},"author":1,"featured_media":0,"parent":0,"menu_order":0,"comment_status":"closed","ping_status":"closed","template":"","meta":{"footnotes":""},"class_list":["post-370","page","type-page","status-publish","hentry"],"_links":{"self":[{"href":"https:\/\/dishekimiguraypala.com\/index.php\/wp-json\/wp\/v2\/pages\/370","targetHints":{"allow":["GET"]}}],"collection":[{"href":"https:\/\/dishekimiguraypala.com\/index.php\/wp-json\/wp\/v2\/pages"}],"about":[{"href":"https:\/\/dishekimiguraypala.com\/index.php\/wp-json\/wp\/v2\/types\/page"}],"author":[{"embeddable":true,"href":"https:\/\/dishekimiguraypala.com\/index.php\/wp-json\/wp\/v2\/users\/1"}],"replies":[{"embeddable":true,"href":"https:\/\/dishekimiguraypala.com\/index.php\/wp-json\/wp\/v2\/comments?post=370"}],"version-history":[{"count":0,"href":"https:\/\/dishekimiguraypala.com\/index.php\/wp-json\/wp\/v2\/pages\/370\/revisions"}],"wp:attachment":[{"href":"https:\/\/dishekimiguraypala.com\/index.php\/wp-json\/wp\/v2\/media?parent=370"}],"curies":[{"name":"wp","href":"https:\/\/api.w.org\/{rel}","templated":true}]}}